{"id":170,"date":"2025-10-13T14:23:04","date_gmt":"2025-10-13T14:23:04","guid":{"rendered":"https:\/\/globasic.com\/?page_id=170"},"modified":"2025-11-10T10:38:33","modified_gmt":"2025-11-10T10:38:33","slug":"servicios","status":"publish","type":"page","link":"https:\/\/globasic.com\/en\/servicios\/","title":{"rendered":"Servicios el\u00e9ctricos"},"content":{"rendered":"<p>[et_pb_section fb_built=\u00bb1&#8243; custom_padding_last_edited=\u00bbon|tablet\u00bb _builder_version=\u00bb4.27.0&#8243; _module_preset=\u00bbdefault\u00bb background_color=\u00bb#18185e\u00bb use_background_color_gradient=\u00bbon\u00bb background_color_gradient_direction=\u00bb167deg\u00bb background_color_gradient_stops=\u00bb#000000 71%|#72c5e3 100%\u00bb background_color_gradient_overlays_image=\u00bbon\u00bb background_image=\u00bbhttps:\/\/globasic.com\/wp-content\/uploads\/2025\/10\/it-services-6-vmr-4.png\u00bb background_size=\u00bbcustom\u00bb background_repeat=\u00bbrepeat\u00bb custom_margin=\u00bb0px||0px||false|false\u00bb custom_padding=\u00bb90px||90px||true|false\u00bb custom_padding_tablet=\u00bb120px||120px||false|false\u00bb custom_padding_phone=\u00bb90px||60px||false|false\u00bb bottom_divider_style=\u00bbcurve2&#8243; bottom_divider_color=\u00bb#FFFFFF\u00bb global_colors_info=\u00bb{}\u00bb][et_pb_row column_structure=\u00bb2_3,1_3&#8243; use_custom_gutter=\u00bbon\u00bb gutter_width=\u00bb1&#8243; module_class=\u00bbit-services-6-inlbtn-sc\u00bb _builder_version=\u00bb4.25.2&#8243; _module_preset=\u00bbdefault\u00bb width=\u00bb90%\u00bb custom_margin=\u00bb0px||0px||false|false\u00bb custom_padding=\u00bb0px||0px||false|false\u00bb global_colors_info=\u00bb{}\u00bb][et_pb_column type=\u00bb2_3&#8243; _builder_version=\u00bb4.25.2&#8243; _module_preset=\u00bbdefault\u00bb global_colors_info=\u00bb{}\u00bb][et_pb_code admin_label=\u00bbinline-button code\u00bb _builder_version=\u00bb4.25.2&#8243; _module_preset=\u00bbdefault\u00bb custom_margin=\u00bb0px||0px||false|false\u00bb custom_padding=\u00bb0px||0px||false|false\u00bb global_colors_info=\u00bb{}\u00bb]<\/p>\n<style><!-- [et_pb_line_break_holder] -->  .it-services-6-inlbtn-sc<!-- [et_pb_line_break_holder] -->.et_pb_button_module_wrapper {<!-- [et_pb_line_break_holder] -->display: inline-block;<!-- [et_pb_line_break_holder] --><!-- [et_pb_line_break_holder] -->}<!-- [et_pb_line_break_holder] --><!-- [et_pb_line_break_holder] --><\/style>\n<p>[\/et_pb_code][et_pb_text _builder_version=\u00bb4.27.4&#8243; _module_preset=\u00bbdefault\u00bb header_text_align=\u00bbleft\u00bb header_text_color=\u00bb#FFFFFF\u00bb header_font_size=\u00bb45px\u00bb header_letter_spacing=\u00bb-1px\u00bb header_line_height=\u00bb1.18em\u00bb custom_margin=\u00bb0px||26px||false|false\u00bb custom_margin_tablet=\u00bb0px||26px||false|false\u00bb custom_margin_phone=\u00bb0px||15px||false|false\u00bb custom_margin_last_edited=\u00bbon|phone\u00bb custom_padding=\u00bb0px||0px||false|false\u00bb animation_style=\u00bbslide\u00bb animation_direction=\u00bbbottom\u00bb animation_delay=\u00bb500ms\u00bb animation_intensity_slide=\u00bb3%\u00bb animation_speed_curve=\u00bbease\u00bb header_font_size_tablet=\u00bb64px\u00bb header_font_size_phone=\u00bb32px\u00bb header_font_size_last_edited=\u00bbon|desktop\u00bb global_colors_info=\u00bb{}\u00bb]<\/p>\n<h1><strong>Electricistas en El Ejido:<\/strong> <span style=\"color: #72c5e3;\">experiencia y confianza en cada instalaci\u00f3n<\/span><\/h1>\n<p>[\/et_pb_text][et_pb_button button_url=\u00bb#contacto\u00bb button_text=\u00bbContacto\u00bb button_alignment=\u00bbleft\u00bb _builder_version=\u00bb4.27.0&#8243; _module_preset=\u00bbdefault\u00bb custom_button=\u00bbon\u00bb button_text_size=\u00bb14px\u00bb button_text_color=\u00bb#FFFFFF\u00bb button_bg_color=\u00bb#72C5E3&#8243; button_border_width=\u00bb1px\u00bb button_border_radius=\u00bb14px\u00bb button_font=\u00bb&#8211;et_global_heading_font|||on|||||\u00bb button_icon=\u00bb&#xf105;||fa||900&#8243; button_on_hover=\u00bboff\u00bb custom_margin=\u00bb0px|22px|0px|0px|false|false\u00bb custom_margin_tablet=\u00bb0px|22px|0px|0px|false|false\u00bb custom_margin_phone=\u00bb0px|22px|25px|0px|false|false\u00bb custom_margin_last_edited=\u00bbon|phone\u00bb custom_padding=\u00bb16px|53px|16px|40px|false|false\u00bb animation_style=\u00bbslide\u00bb animation_direction=\u00bbbottom\u00bb animation_delay=\u00bb900ms\u00bb animation_intensity_slide=\u00bb10%\u00bb animation_speed_curve=\u00bbease\u00bb locked=\u00bboff\u00bb global_colors_info=\u00bb{}\u00bb button_bg_color__hover_enabled=\u00bbon|desktop\u00bb button_bg_color__hover=\u00bb#20434F\u00bb button_bg_enable_color__hover=\u00bbon\u00bb button_letter_spacing__hover_enabled=\u00bbon|hover\u00bb button_letter_spacing__hover=\u00bb0px\u00bb][\/et_pb_button][et_pb_code admin_label=\u00bbblurm img border fix\u00bb _builder_version=\u00bb4.25.2&#8243; _module_preset=\u00bbdefault\u00bb custom_margin=\u00bb0px||0px||false|false\u00bb custom_padding=\u00bb0px||0px||false|false\u00bb global_colors_info=\u00bb{}\u00bb]<\/p>\n<style><!-- [et_pb_line_break_holder] -->  .et_pb_main_blurb_image > span > img {<!-- [et_pb_line_break_holder] -->    border-radius:unset;<!-- [et_pb_line_break_holder] -->  }<!-- [et_pb_line_break_holder] --><\/style>\n<p>[\/et_pb_code][\/et_pb_column][et_pb_column type=\u00bb1_3&#8243; _builder_version=\u00bb4.25.2&#8243; _module_preset=\u00bbdefault\u00bb global_colors_info=\u00bb{}\u00bb][\/et_pb_column][\/et_pb_row][\/et_pb_section][et_pb_section fb_built=\u00bb1&#8243; custom_padding_last_edited=\u00bbon|tablet\u00bb _builder_version=\u00bb4.27.0&#8243; _module_preset=\u00bbdefault\u00bb background_color=\u00bb#FFFFFF\u00bb custom_margin=\u00bb0px||0px||false|false\u00bb custom_padding=\u00bb50px||50px||true|false\u00bb custom_padding_tablet=\u00bb120px||0px||false|false\u00bb custom_padding_phone=\u00bb90px||||false|false\u00bb global_colors_info=\u00bb{}\u00bb][et_pb_row column_structure=\u00bb2_3,1_3&#8243; _builder_version=\u00bb4.27.4&#8243; _module_preset=\u00bbdefault\u00bb global_colors_info=\u00bb{}\u00bb][et_pb_column type=\u00bb2_3&#8243; _builder_version=\u00bb4.27.4&#8243; _module_preset=\u00bbdefault\u00bb global_colors_info=\u00bb{}\u00bb][et_pb_text _builder_version=\u00bb4.27.4&#8243; _module_preset=\u00bbdefault\u00bb header_4_text_align=\u00bbleft\u00bb header_4_text_color=\u00bb#000000&#8243; header_4_font_size=\u00bb20px\u00bb header_4_line_height=\u00bb1.4em\u00bb custom_margin=\u00bb0px||12px||false|false\u00bb custom_padding=\u00bb0px||0px||false|false\u00bb global_colors_info=\u00bb{}\u00bb]<\/p>\n<h4>En <strong>Globasic<\/strong> somos especialistas en instalaciones el\u00e9ctricas en El Ejido y toda la provincia de Almer\u00eda, con m\u00e1s de 25 a\u00f1os de experiencia ofreciendo soluciones seguras, eficientes y adaptadas a las necesidades de cada cliente.<\/h4>\n<p>[\/et_pb_text][et_pb_text _builder_version=\u00bb4.27.0&#8243; _module_preset=\u00bbdefault\u00bb text_text_color=\u00bb#000000&#8243; text_font_size=\u00bb16px\u00bb text_line_height=\u00bb1.8em\u00bb custom_margin=\u00bb0px||23px||false|false\u00bb custom_padding=\u00bb0px||0px||false|false\u00bb global_colors_info=\u00bb{}\u00bb]<\/p>\n<p><span style=\"font-weight: 400;\">Nuestro equipo de <\/span><b>electricistas profesionales<\/b><span style=\"font-weight: 400;\"> destaca por su compromiso, formaci\u00f3n continua y capacidad para abordar proyectos de cualquier escala, desde viviendas particulares hasta grandes instalaciones industriales. Apostamos por la calidad, la eficiencia energ\u00e9tica y el cumplimiento de todas las normativas vigentes, garantizando resultados duraderos y seguros.<\/span><\/p>\n<p>[\/et_pb_text][\/et_pb_column][et_pb_column type=\u00bb1_3&#8243; _builder_version=\u00bb4.27.4&#8243; _module_preset=\u00bbdefault\u00bb global_colors_info=\u00bb{}\u00bb][\/et_pb_column][\/et_pb_row][et_pb_row column_structure=\u00bb1_2,1_2&#8243; _builder_version=\u00bb4.27.4&#8243; _module_preset=\u00bbdefault\u00bb global_colors_info=\u00bb{}\u00bb][et_pb_column type=\u00bb1_2&#8243; _builder_version=\u00bb4.27.4&#8243; _module_preset=\u00bbdefault\u00bb global_colors_info=\u00bb{}\u00bb][dsm_card title=\u00bbInstalaciones el\u00e9ctricas para todo tipo de proyectos\u00bb image=\u00bbhttps:\/\/globasic.com\/wp-content\/uploads\/2025\/10\/un-electricista-masculino-trabaja-en-una-centralita-con-un-cable-de-conexion-electrica-scaled.jpg\u00bb image_background_animation=\u00bbzoom_in\u00bb badge_text=\u00bbServicios\u00bb button_text=\u00bbContacto\u00bb button_url=\u00bb#contacto\u00bb button_url_new_window=\u00bb1&#8243; _builder_version=\u00bb4.27.4&#8243; _module_preset=\u00bbdefault\u00bb header_font=\u00bb|700|||||||\u00bb header_text_color=\u00bb#20434F\u00bb header_font_size=\u00bb20px\u00bb header_line_height=\u00bb1.2em\u00bb background_color=\u00bbrgba(114,197,227,0.23)\u00bb custom_button=\u00bbon\u00bb button_text_size=\u00bb15px\u00bb button_text_color=\u00bb#20434F\u00bb button_border_width=\u00bb1px\u00bb button_border_radius=\u00bb10px\u00bb global_colors_info=\u00bb{}\u00bb]<\/p>\n<p><span style=\"font-weight: 400;\">En Globasic realizamos una amplia gama de <\/span><b>instalaciones el\u00e9ctricas<\/b><span style=\"font-weight: 400;\">, tanto en obra nueva como en reformas y mantenimientos:<\/span><\/p>\n<ul>\n<li style=\"font-weight: 400;\" aria-level=\"1\"><span style=\"font-weight: 400;\">Instalaciones el\u00e9ctricas en <\/span><b>viviendas particulares y comunidades<\/b><span style=\"font-weight: 400;\">.<\/span><\/li>\n<li style=\"font-weight: 400;\" aria-level=\"1\"><span style=\"font-weight: 400;\">Colaboraciones con <\/span><b>empresas constructoras y promotoras<\/b><span style=\"font-weight: 400;\">.<\/span><\/li>\n<li style=\"font-weight: 400;\" aria-level=\"1\"><span style=\"font-weight: 400;\">Proyectos el\u00e9ctricos en <\/span><b>industrias, comercios y oficinas<\/b><span style=\"font-weight: 400;\">.<\/span><\/li>\n<li style=\"font-weight: 400;\" aria-level=\"1\"><span style=\"font-weight: 400;\">Cuadros el\u00e9ctricos, iluminaci\u00f3n interior y exterior.<\/span><\/li>\n<li style=\"font-weight: 400;\" aria-level=\"1\"><span style=\"font-weight: 400;\">Sistemas de control, automatizaci\u00f3n y variadores de velocidad.<\/span><\/li>\n<li style=\"font-weight: 400;\" aria-level=\"1\"><span style=\"font-weight: 400;\">Adecuaci\u00f3n y legalizaci\u00f3n de instalaciones el\u00e9ctricas.<\/span><\/li>\n<\/ul>\n<p><span style=\"font-weight: 400;\">Cada proyecto se ejecuta con la m\u00e1xima precisi\u00f3n y empleando materiales de primeras marcas, asegurando un funcionamiento \u00f3ptimo y una larga vida \u00fatil.<\/span><\/p>\n<p>[\/dsm_card][\/et_pb_column][et_pb_column type=\u00bb1_2&#8243; _builder_version=\u00bb4.27.4&#8243; _module_preset=\u00bbdefault\u00bb global_colors_info=\u00bb{}\u00bb][dsm_card title=\u00bbMantenimiento y resoluci\u00f3n de aver\u00edas\u00bb image=\u00bbhttps:\/\/globasic.com\/wp-content\/uploads\/2025\/10\/un-electricista-masculino-trabaja-en-una-centralita-con-un-cable-de-conexion-electrica-scaled.jpg\u00bb image_background_animation=\u00bbzoom_in\u00bb badge_text=\u00bbServicios\u00bb button_text=\u00bbContacto\u00bb button_url=\u00bb#contacto\u00bb button_url_new_window=\u00bb1&#8243; _builder_version=\u00bb4.27.4&#8243; _module_preset=\u00bbdefault\u00bb header_font=\u00bb|700|||||||\u00bb header_text_color=\u00bb#20434F\u00bb header_font_size=\u00bb20px\u00bb header_line_height=\u00bb1.2em\u00bb background_color=\u00bbrgba(114,197,227,0.23)\u00bb custom_button=\u00bbon\u00bb button_text_size=\u00bb15px\u00bb button_text_color=\u00bb#20434F\u00bb button_border_width=\u00bb1px\u00bb button_border_radius=\u00bb10px\u00bb global_colors_info=\u00bb{}\u00bb]<\/p>\n<p><span style=\"font-weight: 400;\">En Globasic no solo realizamos instalaciones, tambi\u00e9n ofrecemos un completo servicio de <\/span><b>mantenimiento el\u00e9ctrico<\/b><span style=\"font-weight: 400;\"> para empresas, comunidades y particulares.<\/span><span style=\"font-weight: 400;\"><br \/><\/span><span style=\"font-weight: 400;\">Nuestro objetivo es garantizar la continuidad y seguridad de tus instalaciones, previniendo fallos y respondiendo con rapidez ante cualquier incidencia.<\/span><\/p>\n<ul>\n<li style=\"font-weight: 400;\" aria-level=\"1\"><b>Mantenimiento preventivo y correctivo.<\/b><\/li>\n<li style=\"font-weight: 400;\" aria-level=\"1\"><b>Revisiones peri\u00f3dicas y actualizaci\u00f3n de cuadros el\u00e9ctricos.<\/b><\/li>\n<li style=\"font-weight: 400;\" aria-level=\"1\"><b>Diagn\u00f3stico y reparaci\u00f3n de aver\u00edas el\u00e9ctricas.<\/b><\/li>\n<li style=\"font-weight: 400;\" aria-level=\"1\"><b>Asistencia t\u00e9cnica r\u00e1pida y eficaz.<\/b><\/li>\n<\/ul>\n<p><span style=\"font-weight: 400;\">Conf\u00eda en nuestro equipo para mantener tus instalaciones en perfecto estado y evitar interrupciones o riesgos innecesarios.<\/span><\/p>\n<p>[\/dsm_card][\/et_pb_column][\/et_pb_row][\/et_pb_section][et_pb_section fb_built=\u00bb1&#8243; custom_padding_last_edited=\u00bbon|tablet\u00bb prev_background_color=\u00bb#FFFFFF\u00bb _builder_version=\u00bb4.27.4&#8243; _module_preset=\u00bbdefault\u00bb background_color=\u00bb#20434F\u00bb use_background_color_gradient=\u00bbon\u00bb background_color_gradient_direction=\u00bb167deg\u00bb background_color_gradient_stops=\u00bbrgba(0,0,0,0.74) 71%|#72c5e3 100%\u00bb background_color_gradient_overlays_image=\u00bbon\u00bb background_image=\u00bbhttps:\/\/globasic.com\/wp-content\/uploads\/2025\/10\/51895.jpg\u00bb background_position=\u00bbcenter_right\u00bb background_repeat=\u00bbrepeat\u00bb custom_margin=\u00bb0px||0px||false|false\u00bb custom_padding=\u00bb180px||115px||false|false\u00bb custom_padding_tablet=\u00bb275px||115px||false|false\u00bb custom_padding_phone=\u00bb245px||85px||false|false\u00bb top_divider_style=\u00bbcurve2&#8243; global_colors_info=\u00bb{}\u00bb][et_pb_row column_structure=\u00bb2_3,1_3&#8243; use_custom_gutter=\u00bbon\u00bb gutter_width=\u00bb1&#8243; _builder_version=\u00bb4.27.0&#8243; _module_preset=\u00bbdefault\u00bb width=\u00bb90%\u00bb custom_margin=\u00bb0px||55px||false|false\u00bb custom_padding=\u00bb0px||0px||false|false\u00bb animation_style=\u00bbfade\u00bb animation_delay=\u00bb500ms\u00bb animation_speed_curve=\u00bbease\u00bb global_colors_info=\u00bb{}\u00bb custom_css_main_element_last_edited=\u00bbon|tablet\u00bb custom_css_main_element_tablet=\u00bbtext-align:center;\u00bb custom_css_main_element_phone=\u00bbtext-align:center;\u00bb][et_pb_column type=\u00bb2_3&#8243; _builder_version=\u00bb4.25.2&#8243; _module_preset=\u00bbdefault\u00bb global_colors_info=\u00bb{}\u00bb][et_pb_text _builder_version=\u00bb4.27.4&#8243; _module_preset=\u00bbdefault\u00bb header_2_text_align=\u00bbleft\u00bb header_2_text_color=\u00bb#FFFFFF\u00bb header_2_font_size=\u00bb48px\u00bb header_2_line_height=\u00bb1.1em\u00bb max_width_tablet=\u00bb100%\u00bb max_width_phone=\u00bb100%\u00bb max_width_last_edited=\u00bboff|desktop\u00bb custom_margin=\u00bb0px||0px||false|false\u00bb custom_margin_tablet=\u00bb0px||20px||false|false\u00bb custom_margin_phone=\u00bb0px||20px||false|false\u00bb custom_margin_last_edited=\u00bbon|tablet\u00bb custom_padding=\u00bb0px||0px||false|false\u00bb header_2_text_align_tablet=\u00bbcenter\u00bb header_2_text_align_phone=\u00bbcenter\u00bb header_2_text_align_last_edited=\u00bbon|tablet\u00bb header_2_font_size_tablet=\u00bb48px\u00bb header_2_font_size_phone=\u00bb30px\u00bb header_2_font_size_last_edited=\u00bbon|phone\u00bb global_colors_info=\u00bb{}\u00bb]<\/p>\n<h2>La garant\u00eda de un equipo con m\u00e1s de 25 a\u00f1os de experiencia<\/h2>\n<p>[\/et_pb_text][et_pb_text _builder_version=\u00bb4.27.4&#8243; _module_preset=\u00bbdefault\u00bb header_4_text_align=\u00bbleft\u00bb header_4_text_color=\u00bb#FFFFFF\u00bb header_4_font_size=\u00bb20px\u00bb header_4_line_height=\u00bb1.4em\u00bb custom_margin=\u00bb0px||12px||false|false\u00bb custom_padding=\u00bb0px||0px||false|false\u00bb locked=\u00bboff\u00bb global_colors_info=\u00bb{}\u00bb]<\/p>\n<h4>En Globasic trabajamos cada d\u00eda para ofrecer un servicio basado en la confianza, la experiencia y la profesionalidad. Nuestra trayectoria nos ha convertido en una empresa de referencia en el sector el\u00e9ctrico en El Ejido y en toda Almer\u00eda, avalada por la satisfacci\u00f3n de nuestros clientes y por la solidez de nuestros proyectos.<br \/>\n<\/h4>\n<p>[\/et_pb_text][\/et_pb_column][et_pb_column type=\u00bb1_3&#8243; _builder_version=\u00bb4.25.2&#8243; _module_preset=\u00bbdefault\u00bb custom_padding=\u00bb|||15px|false|false\u00bb custom_padding_tablet=\u00bb|||0px|false|false\u00bb custom_padding_phone=\u00bb|||0px|false|false\u00bb custom_padding_last_edited=\u00bbon|tablet\u00bb global_colors_info=\u00bb{}\u00bb][et_pb_divider color=\u00bbRGBA(255,255,255,0)\u00bb _builder_version=\u00bb4.25.2&#8243; _module_preset=\u00bbdefault\u00bb max_height=\u00bb1px\u00bb custom_margin=\u00bb0px||0px||false|false\u00bb custom_padding=\u00bb0px||0px||false|false\u00bb global_colors_info=\u00bb{}\u00bb][\/et_pb_divider][\/et_pb_column][\/et_pb_row][\/et_pb_section][et_pb_section fb_built=\u00bb1&#8243; _builder_version=\u00bb4.27.0&#8243; _module_preset=\u00bbdefault\u00bb background_color=\u00bb#000000&#8243; use_background_color_gradient=\u00bbon\u00bb background_color_gradient_type=\u00bbcircular\u00bb background_color_gradient_direction_radial=\u00bbbottom right\u00bb background_color_gradient_stops=\u00bbrgba(255,255,255,0.93) 0%|#20434f 66%\u00bb background_color_gradient_overlays_image=\u00bbon\u00bb background_image=\u00bbhttps:\/\/globasic.com\/wp-content\/uploads\/2025\/10\/1224.jpg\u00bb parallax=\u00bbon\u00bb background_blend=\u00bbscreen\u00bb global_colors_info=\u00bb{}\u00bb][et_pb_row column_structure=\u00bb2_3,1_3&#8243; _builder_version=\u00bb4.27.0&#8243; _module_preset=\u00bbdefault\u00bb background_color=\u00bb#000000&#8243; custom_padding=\u00bb25px|25px|25px|25px|true|true\u00bb border_radii=\u00bbon|45px|45px|45px|45px\u00bb global_colors_info=\u00bb{}\u00bb][et_pb_column type=\u00bb2_3&#8243; _builder_version=\u00bb4.27.0&#8243; _module_preset=\u00bbdefault\u00bb global_colors_info=\u00bb{}\u00bb][et_pb_text _builder_version=\u00bb4.27.0&#8243; _module_preset=\u00bbdefault\u00bb header_2_text_color=\u00bb#72C5E3&#8243; header_4_text_align=\u00bbleft\u00bb header_4_text_color=\u00bb#000000&#8243; header_4_font_size=\u00bb20px\u00bb header_4_line_height=\u00bb1.4em\u00bb custom_margin=\u00bb0px||12px||false|false\u00bb custom_padding=\u00bb0px||0px||false|false\u00bb locked=\u00bboff\u00bb global_colors_info=\u00bb{}\u00bb]<\/p>\n<h2><b>Globasic <\/b>Online<\/h2>\n<p>[\/et_pb_text][et_pb_text _builder_version=\u00bb4.27.0&#8243; _module_preset=\u00bbdefault\u00bb header_2_text_align=\u00bbleft\u00bb header_2_text_color=\u00bb#FFFFFF\u00bb header_2_font_size=\u00bb35px\u00bb header_2_line_height=\u00bb1.1em\u00bb max_width_tablet=\u00bb100%\u00bb max_width_phone=\u00bb100%\u00bb max_width_last_edited=\u00bboff|desktop\u00bb custom_margin=\u00bb0px||0px||false|false\u00bb custom_margin_tablet=\u00bb0px||20px||false|false\u00bb custom_margin_phone=\u00bb0px||20px||false|false\u00bb custom_margin_last_edited=\u00bbon|tablet\u00bb custom_padding=\u00bb0px||0px||false|false\u00bb header_2_text_align_tablet=\u00bbcenter\u00bb header_2_text_align_phone=\u00bbcenter\u00bb header_2_text_align_last_edited=\u00bbon|tablet\u00bb header_2_font_size_tablet=\u00bb48px\u00bb header_2_font_size_phone=\u00bb30px\u00bb header_2_font_size_last_edited=\u00bbon|phone\u00bb locked=\u00bboff\u00bb global_colors_info=\u00bb{}\u00bb]<\/p>\n<h2><b>Las mejores marcas en electricidad, renovables y seguridad al alcance de un clic<\/b><\/h2>\n<p>[\/et_pb_text][\/et_pb_column][et_pb_column type=\u00bb1_3&#8243; _builder_version=\u00bb4.27.0&#8243; _module_preset=\u00bbdefault\u00bb global_colors_info=\u00bb{}\u00bb][\/et_pb_column][\/et_pb_row][\/et_pb_section]<\/p>","protected":false},"excerpt":{"rendered":"<p>Electricistas en El Ejido: experiencia y confianza en cada instalaci\u00f3nEn Globasic somos especialistas en instalaciones el\u00e9ctricas en El Ejido y toda la provincia de Almer\u00eda, con m\u00e1s de 25 a\u00f1os de experiencia ofreciendo soluciones seguras, eficientes y adaptadas a las necesidades de cada cliente.Nuestro equipo de electricistas profesionales destaca por su compromiso, formaci\u00f3n continua y [&hellip;]<\/p>","protected":false},"author":2,"featured_media":0,"parent":0,"menu_order":0,"comment_status":"closed","ping_status":"closed","template":"","meta":{"_et_pb_use_builder":"on","_et_pb_old_content":"","_et_gb_content_width":"","footnotes":""},"class_list":["post-170","page","type-page","status-publish","hentry"],"yoast_head":"<!-- This site is optimized with the Yoast SEO plugin v26.3 - https:\/\/yoast.com\/wordpress\/plugins\/seo\/ -->\n<title>Servicios el\u00e9ctricos - GLOBASIC<\/title>\n<meta name=\"robots\" content=\"index, follow, max-snippet:-1, max-image-preview:large, max-video-preview:-1\" \/>\n<link rel=\"canonical\" href=\"https:\/\/globasic.com\/en\/servicios\/\" \/>\n<meta property=\"og:locale\" content=\"en_GB\" \/>\n<meta property=\"og:type\" content=\"article\" \/>\n<meta property=\"og:title\" content=\"Servicios el\u00e9ctricos - GLOBASIC\" \/>\n<meta property=\"og:description\" content=\"Electricistas en El Ejido: experiencia y confianza en cada instalaci\u00f3nEn Globasic somos especialistas en instalaciones el\u00e9ctricas en El Ejido y toda la provincia de Almer\u00eda, con m\u00e1s de 25 a\u00f1os de experiencia ofreciendo soluciones seguras, eficientes y adaptadas a las necesidades de cada cliente.Nuestro equipo de electricistas profesionales destaca por su compromiso, formaci\u00f3n continua y [&hellip;]\" \/>\n<meta property=\"og:url\" content=\"https:\/\/globasic.com\/en\/servicios\/\" \/>\n<meta property=\"og:site_name\" content=\"GLOBASIC\" \/>\n<meta property=\"article:modified_time\" content=\"2025-11-10T10:38:33+00:00\" \/>\n<meta name=\"twitter:card\" content=\"summary_large_image\" \/>\n<meta name=\"twitter:label1\" content=\"Estimated reading time\" \/>\n\t<meta name=\"twitter:data1\" content=\"10 minutes\" \/>\n<script type=\"application\/ld+json\" class=\"yoast-schema-graph\">{\"@context\":\"https:\/\/schema.org\",\"@graph\":[{\"@type\":\"WebPage\",\"@id\":\"https:\/\/globasic.com\/servicios\/\",\"url\":\"https:\/\/globasic.com\/servicios\/\",\"name\":\"Servicios el\u00e9ctricos - GLOBASIC\",\"isPartOf\":{\"@id\":\"https:\/\/globasic.com\/#website\"},\"datePublished\":\"2025-10-13T14:23:04+00:00\",\"dateModified\":\"2025-11-10T10:38:33+00:00\",\"breadcrumb\":{\"@id\":\"https:\/\/globasic.com\/servicios\/#breadcrumb\"},\"inLanguage\":\"en-GB\",\"potentialAction\":[{\"@type\":\"ReadAction\",\"target\":[\"https:\/\/globasic.com\/servicios\/\"]}]},{\"@type\":\"BreadcrumbList\",\"@id\":\"https:\/\/globasic.com\/servicios\/#breadcrumb\",\"itemListElement\":[{\"@type\":\"ListItem\",\"position\":1,\"name\":\"Portada\",\"item\":\"https:\/\/globasic.com\/\"},{\"@type\":\"ListItem\",\"position\":2,\"name\":\"Servicios el\u00e9ctricos\"}]},{\"@type\":\"WebSite\",\"@id\":\"https:\/\/globasic.com\/#website\",\"url\":\"https:\/\/globasic.com\/\",\"name\":\"GLOBASIC\",\"description\":\"Electricidad, seguridad y energ&iacute;as renovables en El Ejido\",\"potentialAction\":[{\"@type\":\"SearchAction\",\"target\":{\"@type\":\"EntryPoint\",\"urlTemplate\":\"https:\/\/globasic.com\/?s={search_term_string}\"},\"query-input\":{\"@type\":\"PropertyValueSpecification\",\"valueRequired\":true,\"valueName\":\"search_term_string\"}}],\"inLanguage\":\"en-GB\"}]}<\/script>\n<!-- \/ Yoast SEO plugin. -->","yoast_head_json":{"title":"Servicios el\u00e9ctricos - GLOBASIC","robots":{"index":"index","follow":"follow","max-snippet":"max-snippet:-1","max-image-preview":"max-image-preview:large","max-video-preview":"max-video-preview:-1"},"canonical":"https:\/\/globasic.com\/en\/servicios\/","og_locale":"en_GB","og_type":"article","og_title":"Servicios el\u00e9ctricos - GLOBASIC","og_description":"Electricistas en El Ejido: experiencia y confianza en cada instalaci\u00f3nEn Globasic somos especialistas en instalaciones el\u00e9ctricas en El Ejido y toda la provincia de Almer\u00eda, con m\u00e1s de 25 a\u00f1os de experiencia ofreciendo soluciones seguras, eficientes y adaptadas a las necesidades de cada cliente.Nuestro equipo de electricistas profesionales destaca por su compromiso, formaci\u00f3n continua y [&hellip;]","og_url":"https:\/\/globasic.com\/en\/servicios\/","og_site_name":"GLOBASIC","article_modified_time":"2025-11-10T10:38:33+00:00","twitter_card":"summary_large_image","twitter_misc":{"Estimated reading time":"10 minutes"},"schema":{"@context":"https:\/\/schema.org","@graph":[{"@type":"WebPage","@id":"https:\/\/globasic.com\/servicios\/","url":"https:\/\/globasic.com\/servicios\/","name":"Servicios el\u00e9ctricos - GLOBASIC","isPartOf":{"@id":"https:\/\/globasic.com\/#website"},"datePublished":"2025-10-13T14:23:04+00:00","dateModified":"2025-11-10T10:38:33+00:00","breadcrumb":{"@id":"https:\/\/globasic.com\/servicios\/#breadcrumb"},"inLanguage":"en-GB","potentialAction":[{"@type":"ReadAction","target":["https:\/\/globasic.com\/servicios\/"]}]},{"@type":"BreadcrumbList","@id":"https:\/\/globasic.com\/servicios\/#breadcrumb","itemListElement":[{"@type":"ListItem","position":1,"name":"Portada","item":"https:\/\/globasic.com\/"},{"@type":"ListItem","position":2,"name":"Servicios el\u00e9ctricos"}]},{"@type":"WebSite","@id":"https:\/\/globasic.com\/#website","url":"https:\/\/globasic.com\/","name":"GLOBASIC","description":"Electricidad, seguridad y energ&iacute;as renovables en El Ejido","potentialAction":[{"@type":"SearchAction","target":{"@type":"EntryPoint","urlTemplate":"https:\/\/globasic.com\/?s={search_term_string}"},"query-input":{"@type":"PropertyValueSpecification","valueRequired":true,"valueName":"search_term_string"}}],"inLanguage":"en-GB"}]}},"_links":{"self":[{"href":"https:\/\/globasic.com\/en\/wp-json\/wp\/v2\/pages\/170","targetHints":{"allow":["GET"]}}],"collection":[{"href":"https:\/\/globasic.com\/en\/wp-json\/wp\/v2\/pages"}],"about":[{"href":"https:\/\/globasic.com\/en\/wp-json\/wp\/v2\/types\/page"}],"author":[{"embeddable":true,"href":"https:\/\/globasic.com\/en\/wp-json\/wp\/v2\/users\/2"}],"replies":[{"embeddable":true,"href":"https:\/\/globasic.com\/en\/wp-json\/wp\/v2\/comments?post=170"}],"version-history":[{"count":6,"href":"https:\/\/globasic.com\/en\/wp-json\/wp\/v2\/pages\/170\/revisions"}],"predecessor-version":[{"id":247,"href":"https:\/\/globasic.com\/en\/wp-json\/wp\/v2\/pages\/170\/revisions\/247"}],"wp:attachment":[{"href":"https:\/\/globasic.com\/en\/wp-json\/wp\/v2\/media?parent=170"}],"curies":[{"name":"wp","href":"https:\/\/api.w.org\/{rel}","templated":true}]}}