{"id":181,"date":"2025-10-14T13:28:06","date_gmt":"2025-10-14T13:28:06","guid":{"rendered":"https:\/\/globasic.com\/?page_id=181"},"modified":"2025-11-14T13:21:55","modified_gmt":"2025-11-14T13:21:55","slug":"energias-renovables-en-el-ejido","status":"publish","type":"page","link":"https:\/\/globasic.com\/en\/energias-renovables-en-el-ejido\/","title":{"rendered":"Energ\u00edas Renovables"},"content":{"rendered":"[et_pb_section fb_built=\u00bb1&#8243; custom_padding_last_edited=\u00bbon|tablet\u00bb _builder_version=\u00bb4.27.0&#8243; _module_preset=\u00bbdefault\u00bb background_color=\u00bb#18185e\u00bb use_background_color_gradient=\u00bbon\u00bb background_color_gradient_direction=\u00bb167deg\u00bb background_color_gradient_stops=\u00bb#000000 71%|#72c5e3 100%\u00bb background_color_gradient_overlays_image=\u00bbon\u00bb background_image=\u00bbhttps:\/\/globasic.com\/wp-content\/uploads\/2025\/10\/it-services-6-vmr-4.png\u00bb background_size=\u00bbcustom\u00bb background_repeat=\u00bbrepeat\u00bb custom_margin=\u00bb0px||0px||false|false\u00bb custom_padding=\u00bb90px||90px||true|false\u00bb custom_padding_tablet=\u00bb120px||120px||false|false\u00bb custom_padding_phone=\u00bb90px||60px||false|false\u00bb bottom_divider_style=\u00bbcurve2&#8243; bottom_divider_color=\u00bb#FFFFFF\u00bb global_colors_info=\u00bb{}\u00bb theme_builder_area=\u00bbpost_content\u00bb][et_pb_row column_structure=\u00bb2_3,1_3&#8243; use_custom_gutter=\u00bbon\u00bb gutter_width=\u00bb1&#8243; module_class=\u00bbit-services-6-inlbtn-sc\u00bb _builder_version=\u00bb4.25.2&#8243; _module_preset=\u00bbdefault\u00bb width=\u00bb90%\u00bb custom_margin=\u00bb0px||0px||false|false\u00bb custom_padding=\u00bb0px||0px||false|false\u00bb global_colors_info=\u00bb{}\u00bb theme_builder_area=\u00bbpost_content\u00bb][et_pb_column type=\u00bb2_3&#8243; _builder_version=\u00bb4.25.2&#8243; _module_preset=\u00bbdefault\u00bb global_colors_info=\u00bb{}\u00bb theme_builder_area=\u00bbpost_content\u00bb][et_pb_code admin_label=\u00bbinline-button code\u00bb _builder_version=\u00bb4.25.2&#8243; _module_preset=\u00bbdefault\u00bb custom_margin=\u00bb0px||0px||false|false\u00bb custom_padding=\u00bb0px||0px||false|false\u00bb global_colors_info=\u00bb{}\u00bb theme_builder_area=\u00bbpost_content\u00bb]<style><!-- [et_pb_line_break_holder] -->  .it-services-6-inlbtn-sc<!-- [et_pb_line_break_holder] -->.et_pb_button_module_wrapper {<!-- [et_pb_line_break_holder] -->display: inline-block;<!-- [et_pb_line_break_holder] --><!-- [et_pb_line_break_holder] -->}<!-- [et_pb_line_break_holder] --><!-- [et_pb_line_break_holder] --><\/style>[\/et_pb_code][et_pb_text _builder_version=\u00bb4.27.4&#8243; _module_preset=\u00bbdefault\u00bb header_text_align=\u00bbleft\u00bb header_text_color=\u00bb#FFFFFF\u00bb header_font_size=\u00bb45px\u00bb header_letter_spacing=\u00bb-1px\u00bb header_line_height=\u00bb1.18em\u00bb custom_margin=\u00bb0px||26px||false|false\u00bb custom_margin_tablet=\u00bb0px||26px||false|false\u00bb custom_margin_phone=\u00bb0px||15px||false|false\u00bb custom_margin_last_edited=\u00bbon|phone\u00bb custom_padding=\u00bb0px||0px||false|false\u00bb animation_style=\u00bbslide\u00bb animation_direction=\u00bbbottom\u00bb animation_delay=\u00bb500ms\u00bb animation_intensity_slide=\u00bb3%\u00bb animation_speed_curve=\u00bbease\u00bb hover_enabled=\u00bb0&#8243; header_font_size_tablet=\u00bb64px\u00bb header_font_size_phone=\u00bb32px\u00bb header_font_size_last_edited=\u00bbon|desktop\u00bb global_colors_info=\u00bb{}\u00bb theme_builder_area=\u00bbpost_content\u00bb sticky_enabled=\u00bb0&#8243;]<h1><span style=\"color: #72c5e3;\">Energ\u00edas Renovables en El Ejido:<\/span> sostenibilidad y ahorro con Globasic<\/h1>[\/et_pb_text][et_pb_code admin_label=\u00bbblurm img border fix\u00bb _builder_version=\u00bb4.25.2&#8243; _module_preset=\u00bbdefault\u00bb custom_margin=\u00bb0px||0px||false|false\u00bb custom_padding=\u00bb0px||0px||false|false\u00bb global_colors_info=\u00bb{}\u00bb theme_builder_area=\u00bbpost_content\u00bb]<style><!-- [et_pb_line_break_holder] -->  .et_pb_main_blurb_image > span > img {<!-- [et_pb_line_break_holder] -->    border-radius:unset;<!-- [et_pb_line_break_holder] -->  }<!-- [et_pb_line_break_holder] --><\/style>[\/et_pb_code][\/et_pb_column][et_pb_column type=\u00bb1_3&#8243; _builder_version=\u00bb4.25.2&#8243; _module_preset=\u00bbdefault\u00bb global_colors_info=\u00bb{}\u00bb theme_builder_area=\u00bbpost_content\u00bb][\/et_pb_column][\/et_pb_row][\/et_pb_section][et_pb_section fb_built=\u00bb1&#8243; custom_padding_last_edited=\u00bbon|tablet\u00bb _builder_version=\u00bb4.27.0&#8243; _module_preset=\u00bbdefault\u00bb background_color=\u00bb#FFFFFF\u00bb custom_margin=\u00bb0px||0px||false|false\u00bb custom_padding=\u00bb50px||50px||true|false\u00bb custom_padding_tablet=\u00bb120px||0px||false|false\u00bb custom_padding_phone=\u00bb90px||||false|false\u00bb global_colors_info=\u00bb{}\u00bb theme_builder_area=\u00bbpost_content\u00bb][et_pb_row column_structure=\u00bb2_3,1_3&#8243; _builder_version=\u00bb4.27.4&#8243; _module_preset=\u00bbdefault\u00bb global_colors_info=\u00bb{}\u00bb theme_builder_area=\u00bbpost_content\u00bb][et_pb_column type=\u00bb2_3&#8243; _builder_version=\u00bb4.27.4&#8243; _module_preset=\u00bbdefault\u00bb global_colors_info=\u00bb{}\u00bb theme_builder_area=\u00bbpost_content\u00bb][et_pb_text _builder_version=\u00bb4.27.4&#8243; _module_preset=\u00bbdefault\u00bb header_4_text_align=\u00bbleft\u00bb header_4_text_color=\u00bb#000000&#8243; header_4_font_size=\u00bb20px\u00bb header_4_line_height=\u00bb1.4em\u00bb custom_margin=\u00bb0px||12px||false|false\u00bb custom_padding=\u00bb0px||0px||false|false\u00bb hover_enabled=\u00bb0&#8243; global_colors_info=\u00bb{}\u00bb theme_builder_area=\u00bbpost_content\u00bb sticky_enabled=\u00bb0&#8243;]<h4><span style=\"font-weight: 400;\">En <\/span><b>Globasic<\/b><span style=\"font-weight: 400;\"> apostamos por un futuro m\u00e1s sostenible. Con m\u00e1s de <\/span><b>25 a\u00f1os de experiencia<\/b><span style=\"font-weight: 400;\">, somos especialistas en <\/span><b>instalaciones de energ\u00eda solar fotovoltaica<\/b><span style=\"font-weight: 400;\"> en <\/span><b>El Ejido<\/b><span style=\"font-weight: 400;\"> y en toda la provincia de <\/span><b>Almer\u00eda<\/b><span style=\"font-weight: 400;\">, ofreciendo soluciones para <\/span><b>particulares, empresas y fincas agr\u00edcolas<\/b><span style=\"font-weight: 400;\">.<\/span><\/h4>[\/et_pb_text][et_pb_text _builder_version=\u00bb4.27.0&#8243; _module_preset=\u00bbdefault\u00bb text_text_color=\u00bb#000000&#8243; text_font_size=\u00bb16px\u00bb text_line_height=\u00bb1.8em\u00bb custom_margin=\u00bb0px||23px||false|false\u00bb custom_padding=\u00bb0px||0px||false|false\u00bb global_colors_info=\u00bb{}\u00bb theme_builder_area=\u00bbpost_content\u00bb]<p><span style=\"font-weight: 400;\">Nuestro equipo t\u00e9cnico dise\u00f1a cada instalaci\u00f3n a medida, garantizando el m\u00e1ximo rendimiento, el ahorro energ\u00e9tico y una amortizaci\u00f3n r\u00e1pida y segura. Si quieres reducir tu factura el\u00e9ctrica y contribuir al cuidado del medioambiente, <\/span><b>Globasic<\/b><span style=\"font-weight: 400;\"> es tu aliado en energ\u00eda limpia.<\/span><\/p>[\/et_pb_text][\/et_pb_column][et_pb_column type=\u00bb1_3&#8243; _builder_version=\u00bb4.27.4&#8243; _module_preset=\u00bbdefault\u00bb global_colors_info=\u00bb{}\u00bb theme_builder_area=\u00bbpost_content\u00bb][\/et_pb_column][\/et_pb_row][et_pb_row column_structure=\u00bb1_3,1_3,1_3&#8243; _builder_version=\u00bb4.27.4&#8243; _module_preset=\u00bbdefault\u00bb hover_enabled=\u00bb0&#8243; global_colors_info=\u00bb{}\u00bb theme_builder_area=\u00bbpost_content\u00bb make_equal=\u00bbon\u00bb use_custom_gutter=\u00bbon\u00bb gutter_width=\u00bb2&#8243; width=\u00bb90%\u00bb sticky_enabled=\u00bb0&#8243;][et_pb_column type=\u00bb1_3&#8243; _builder_version=\u00bb4.27.4&#8243; _module_preset=\u00bbdefault\u00bb global_colors_info=\u00bb{}\u00bb theme_builder_area=\u00bbpost_content\u00bb][dsm_card title=\u00bbInstalaciones solares adaptadas a cada necesidad\u00bb image=\u00bbhttps:\/\/globasic.com\/wp-content\/uploads\/2025\/10\/14677.jpg\u00bb image_background_animation=\u00bbzoom_in\u00bb badge_text=\u00bbServicios\u00bb button_text=\u00bbContacto\u00bb button_url=\u00bb#contacto\u00bb button_url_new_window=\u00bb1&#8243; _builder_version=\u00bb4.27.4&#8243; _module_preset=\u00bbdefault\u00bb header_font=\u00bb|700|||||||\u00bb header_text_color=\u00bb#20434F\u00bb header_font_size=\u00bb20px\u00bb header_line_height=\u00bb1.2em\u00bb background_color=\u00bbrgba(114,197,227,0.23)\u00bb custom_button=\u00bbon\u00bb button_text_size=\u00bb15px\u00bb button_text_color=\u00bb#20434F\u00bb button_border_width=\u00bb1px\u00bb button_border_radius=\u00bb10px\u00bb hover_enabled=\u00bb0&#8243; global_colors_info=\u00bb{}\u00bb theme_builder_area=\u00bbpost_content\u00bb sticky_enabled=\u00bb0&#8243; title_text=\u00bb14677&#8243;]<ul>\n<li style=\"font-weight: 400;\" aria-level=\"1\"><b>Viviendas particulares:<\/b><span style=\"font-weight: 400;\"> sistemas de autoconsumo que te permiten generar tu propia energ\u00eda y reducir tu dependencia de la red el\u00e9ctrica.<\/span><\/li>\n<li style=\"font-weight: 400;\" aria-level=\"1\"><b>Empresas y naves industriales:<\/b><span style=\"font-weight: 400;\"> soluciones fotovoltaicas eficientes que mejoran la rentabilidad y reducen los costes energ\u00e9ticos.<\/span><\/li>\n<li style=\"font-weight: 400;\" aria-level=\"1\"><b>Fincas agr\u00edcolas:<\/b><span style=\"font-weight: 400;\"> instalaciones dise\u00f1adas para <\/span><b>aprovechar al m\u00e1ximo el espacio disponible en tu finca<\/b><span style=\"font-weight: 400;\">, optimizando el suministro el\u00e9ctrico en explotaciones, sistemas de riego o maquinaria.<\/span><\/li>\n<\/ul>\n<p><span style=\"font-weight: 400;\">Adem\u00e1s, incorporamos <\/span><b>puntos de recarga para veh\u00edculos el\u00e9ctricos<\/b><span style=\"font-weight: 400;\">, ofreciendo una alternativa sostenible para la movilidad tanto en entornos dom\u00e9sticos como empresariales.<\/span><\/p>[\/dsm_card][\/et_pb_column][et_pb_column type=\u00bb1_3&#8243; _builder_version=\u00bb4.27.4&#8243; _module_preset=\u00bbdefault\u00bb global_colors_info=\u00bb{}\u00bb theme_builder_area=\u00bbpost_content\u00bb][dsm_card title=\u00bbEstudio previo y gesti\u00f3n de ayudas\u00bb image=\u00bbhttps:\/\/globasic.com\/wp-content\/uploads\/2025\/10\/2149205425.jpg\u00bb image_background_animation=\u00bbzoom_in\u00bb badge_text=\u00bbServicios\u00bb button_text=\u00bbContacto\u00bb button_url=\u00bb#contacto\u00bb button_url_new_window=\u00bb1&#8243; _builder_version=\u00bb4.27.4&#8243; _module_preset=\u00bbdefault\u00bb header_font=\u00bb|700|||||||\u00bb header_text_color=\u00bb#20434F\u00bb header_font_size=\u00bb20px\u00bb header_line_height=\u00bb1.2em\u00bb background_color=\u00bbrgba(114,197,227,0.23)\u00bb custom_button=\u00bbon\u00bb button_text_size=\u00bb15px\u00bb button_text_color=\u00bb#20434F\u00bb button_border_width=\u00bb1px\u00bb button_border_radius=\u00bb10px\u00bb hover_enabled=\u00bb0&#8243; global_colors_info=\u00bb{}\u00bb theme_builder_area=\u00bbpost_content\u00bb sticky_enabled=\u00bb0&#8243; content_horizontal_alignment=\u00bbflex-start\u00bb title_text=\u00bb2149205425&#8243;]<p><span style=\"font-weight: 400;\">En Globasic realizamos un <\/span><b>estudio t\u00e9cnico previo<\/b><span style=\"font-weight: 400;\"> para evaluar tus necesidades energ\u00e9ticas y ofrecerte la mejor soluci\u00f3n seg\u00fan tu consumo, ubicaci\u00f3n y objetivos de ahorro.<\/span><\/p>\n<p><span style=\"font-weight: 400;\">Tambi\u00e9n te ayudamos con la <\/span><b>gesti\u00f3n de ayudas y subvenciones disponibles<\/b><span style=\"font-weight: 400;\"> para instalaciones de autoconsumo, para que puedas aprovechar todas las ventajas econ\u00f3micas y fiscales que ofrece la transici\u00f3n hacia las energ\u00edas renovables.<\/span><\/p>[\/dsm_card][\/et_pb_column][et_pb_column type=\u00bb1_3&#8243; _builder_version=\u00bb4.27.4&#8243; _module_preset=\u00bbdefault\u00bb global_colors_info=\u00bb{}\u00bb theme_builder_area=\u00bbpost_content\u00bb][dsm_card title=\u00bbCalidad y confianza con las mejores marcas\u00bb image=\u00bbhttps:\/\/globasic.com\/wp-content\/uploads\/2025\/10\/15561.jpg\u00bb image_background_animation=\u00bbzoom_in\u00bb badge_text=\u00bbServicios\u00bb button_text=\u00bbContacto\u00bb button_url=\u00bb#contacto\u00bb button_url_new_window=\u00bb1&#8243; _builder_version=\u00bb4.27.4&#8243; _module_preset=\u00bbdefault\u00bb header_font=\u00bb|700|||||||\u00bb header_text_color=\u00bb#20434F\u00bb header_font_size=\u00bb20px\u00bb header_line_height=\u00bb1.2em\u00bb background_color=\u00bbrgba(114,197,227,0.23)\u00bb custom_button=\u00bbon\u00bb button_text_size=\u00bb15px\u00bb button_text_color=\u00bb#20434F\u00bb button_border_width=\u00bb1px\u00bb button_border_radius=\u00bb10px\u00bb hover_enabled=\u00bb0&#8243; global_colors_info=\u00bb{}\u00bb theme_builder_area=\u00bbpost_content\u00bb sticky_enabled=\u00bb0&#8243; content_horizontal_alignment=\u00bbflex-start\u00bb title_text=\u00bb15561&#8243;]<p><span style=\"font-weight: 400;\">Trabajamos \u00fanicamente con <\/span><b>primeras marcas del sector fotovoltaico<\/b><span style=\"font-weight: 400;\">, garantizando la fiabilidad, durabilidad y eficiencia de cada instalaci\u00f3n. Nuestra experiencia y compromiso con la calidad nos permiten ofrecer resultados que superan las expectativas de nuestros clientes.<\/span><\/p>[\/dsm_card][\/et_pb_column][\/et_pb_row][\/et_pb_section][et_pb_section fb_built=\u00bb1&#8243; custom_padding_last_edited=\u00bbon|tablet\u00bb prev_background_color=\u00bb#FFFFFF\u00bb _builder_version=\u00bb4.27.4&#8243; _module_preset=\u00bbdefault\u00bb background_color=\u00bb#20434F\u00bb use_background_color_gradient=\u00bbon\u00bb background_color_gradient_direction=\u00bb167deg\u00bb background_color_gradient_stops=\u00bbrgba(0,0,0,0.74) 71%|#72c5e3 100%\u00bb background_color_gradient_overlays_image=\u00bbon\u00bb background_image=\u00bbhttps:\/\/globasic.com\/wp-content\/uploads\/2025\/10\/2152021003.jpg\u00bb background_position=\u00bbcenter_right\u00bb background_repeat=\u00bbrepeat\u00bb custom_margin=\u00bb0px||0px||false|false\u00bb custom_padding=\u00bb180px||115px||false|false\u00bb custom_padding_tablet=\u00bb275px||115px||false|false\u00bb custom_padding_phone=\u00bb245px||85px||false|false\u00bb top_divider_style=\u00bbcurve2&#8243; hover_enabled=\u00bb0&#8243; global_colors_info=\u00bb{}\u00bb theme_builder_area=\u00bbpost_content\u00bb title_text=\u00bb2152021003&#8243; sticky_enabled=\u00bb0&#8243;][et_pb_row column_structure=\u00bb1_2,1_2&#8243; use_custom_gutter=\u00bbon\u00bb gutter_width=\u00bb1&#8243; _builder_version=\u00bb4.27.0&#8243; _module_preset=\u00bbdefault\u00bb width=\u00bb90%\u00bb custom_margin=\u00bb0px||55px||false|false\u00bb custom_padding=\u00bb0px||0px||false|false\u00bb animation_style=\u00bbfade\u00bb animation_delay=\u00bb500ms\u00bb animation_speed_curve=\u00bbease\u00bb global_colors_info=\u00bb{}\u00bb custom_css_main_element_last_edited=\u00bbon|tablet\u00bb custom_css_main_element_tablet=\u00bbtext-align:center;\u00bb custom_css_main_element_phone=\u00bbtext-align:center;\u00bb theme_builder_area=\u00bbpost_content\u00bb][et_pb_column type=\u00bb1_2&#8243; _builder_version=\u00bb4.25.2&#8243; _module_preset=\u00bbdefault\u00bb global_colors_info=\u00bb{}\u00bb theme_builder_area=\u00bbpost_content\u00bb][et_pb_text _builder_version=\u00bb4.27.4&#8243; _module_preset=\u00bbdefault\u00bb header_2_text_align=\u00bbleft\u00bb header_2_text_color=\u00bb#FFFFFF\u00bb header_2_font_size=\u00bb48px\u00bb header_2_line_height=\u00bb1.1em\u00bb max_width_tablet=\u00bb100%\u00bb max_width_phone=\u00bb100%\u00bb max_width_last_edited=\u00bboff|desktop\u00bb custom_margin=\u00bb0px||0px||false|false\u00bb custom_margin_tablet=\u00bb0px||20px||false|false\u00bb custom_margin_phone=\u00bb0px||20px||false|false\u00bb custom_margin_last_edited=\u00bbon|tablet\u00bb custom_padding=\u00bb0px||0px||false|false\u00bb hover_enabled=\u00bb0&#8243; header_2_text_align_tablet=\u00bbcenter\u00bb header_2_text_align_phone=\u00bbcenter\u00bb header_2_text_align_last_edited=\u00bbon|tablet\u00bb header_2_font_size_tablet=\u00bb48px\u00bb header_2_font_size_phone=\u00bb30px\u00bb header_2_font_size_last_edited=\u00bbon|phone\u00bb global_colors_info=\u00bb{}\u00bb theme_builder_area=\u00bbpost_content\u00bb sticky_enabled=\u00bb0&#8243;]<h2>Da el paso hacia la energ\u00eda limpia\n<\/h2>[\/et_pb_text][et_pb_text _builder_version=\u00bb4.27.4&#8243; _module_preset=\u00bbdefault\u00bb header_4_text_align=\u00bbleft\u00bb header_4_text_color=\u00bb#FFFFFF\u00bb header_4_font_size=\u00bb20px\u00bb header_4_line_height=\u00bb1.4em\u00bb custom_margin=\u00bb0px||12px||false|false\u00bb custom_padding=\u00bb0px||0px||false|false\u00bb hover_enabled=\u00bb0&#8243; locked=\u00bboff\u00bb global_colors_info=\u00bb{}\u00bb theme_builder_area=\u00bbpost_content\u00bb sticky_enabled=\u00bb0&#8243;]<h4><strong>Conf\u00eda en Globasic para hacer tu proyecto realidad.<\/strong><\/h4>\n<h4>Solicita tu estudio previo sin compromiso y descubre cu\u00e1nto puedes ahorrar con la energ\u00eda solar.<\/h4>[\/et_pb_text][et_pb_button button_url=\u00bb#contacto\u00bb button_text=\u00bbSolicita tu estudio\u00bb button_alignment=\u00bbleft\u00bb _builder_version=\u00bb4.27.4&#8243; _module_preset=\u00bbdefault\u00bb custom_button=\u00bbon\u00bb button_text_size=\u00bb14px\u00bb button_text_color=\u00bb#FFFFFF\u00bb button_bg_color=\u00bb#72C5E3&#8243; button_border_width=\u00bb1px\u00bb button_border_radius=\u00bb14px\u00bb button_font=\u00bb&#8211;et_global_heading_font|||on|||||\u00bb button_icon=\u00bb&#xf105;||fa||900&#8243; button_on_hover=\u00bboff\u00bb custom_margin=\u00bb0px|22px|0px|0px|false|false\u00bb custom_margin_tablet=\u00bb0px|22px|0px|0px|false|false\u00bb custom_margin_phone=\u00bb0px|22px|25px|0px|false|false\u00bb custom_margin_last_edited=\u00bbon|phone\u00bb custom_padding=\u00bb16px|53px|16px|40px|false|false\u00bb animation_style=\u00bbslide\u00bb animation_direction=\u00bbbottom\u00bb animation_delay=\u00bb900ms\u00bb animation_intensity_slide=\u00bb10%\u00bb animation_speed_curve=\u00bbease\u00bb hover_enabled=\u00bb0&#8243; locked=\u00bboff\u00bb global_colors_info=\u00bb{}\u00bb button_bg_color__hover_enabled=\u00bbon|desktop\u00bb button_bg_color__hover=\u00bb#20434F\u00bb button_bg_enable_color__hover=\u00bbon\u00bb button_letter_spacing__hover_enabled=\u00bbon|hover\u00bb button_letter_spacing__hover=\u00bb0px\u00bb theme_builder_area=\u00bbpost_content\u00bb sticky_enabled=\u00bb0&#8243;][\/et_pb_button][\/et_pb_column][et_pb_column type=\u00bb1_2&#8243; _builder_version=\u00bb4.25.2&#8243; _module_preset=\u00bbdefault\u00bb custom_padding=\u00bb|||15px|false|false\u00bb custom_padding_tablet=\u00bb|||0px|false|false\u00bb custom_padding_phone=\u00bb|||0px|false|false\u00bb custom_padding_last_edited=\u00bbon|tablet\u00bb global_colors_info=\u00bb{}\u00bb theme_builder_area=\u00bbpost_content\u00bb][et_pb_divider color=\u00bbRGBA(255,255,255,0)\u00bb _builder_version=\u00bb4.25.2&#8243; _module_preset=\u00bbdefault\u00bb max_height=\u00bb1px\u00bb custom_margin=\u00bb0px||0px||false|false\u00bb custom_padding=\u00bb0px||0px||false|false\u00bb global_colors_info=\u00bb{}\u00bb theme_builder_area=\u00bbpost_content\u00bb][\/et_pb_divider][\/et_pb_column][\/et_pb_row][\/et_pb_section]","protected":false},"excerpt":{"rendered":"<p>Energ\u00edas Renovables en El Ejido: sostenibilidad y ahorro con GlobasicEn Globasic apostamos por un futuro m\u00e1s sostenible. Con m\u00e1s de 25 a\u00f1os de experiencia, somos especialistas en instalaciones de energ\u00eda solar fotovoltaica en El Ejido y en toda la provincia de Almer\u00eda, ofreciendo soluciones para particulares, empresas y fincas agr\u00edcolas.Nuestro equipo t\u00e9cnico dise\u00f1a cada instalaci\u00f3n [&hellip;]<\/p>","protected":false},"author":2,"featured_media":0,"parent":0,"menu_order":0,"comment_status":"closed","ping_status":"closed","template":"","meta":{"_et_pb_use_builder":"on","_et_pb_old_content":"","_et_gb_content_width":"","footnotes":""},"class_list":["post-181","page","type-page","status-publish","hentry"],"yoast_head":"<!-- This site is optimized with the Yoast SEO plugin v26.3 - https:\/\/yoast.com\/wordpress\/plugins\/seo\/ -->\n<title>Energ\u00edas Renovables - GLOBASIC<\/title>\n<meta name=\"description\" content=\"Somos especialistas en instalaciones de energ\u00eda solar fotovoltaica en El Ejido y en toda la provincia, ofreciendo soluciones personalizadas.\" \/>\n<meta name=\"robots\" content=\"index, follow, max-snippet:-1, max-image-preview:large, max-video-preview:-1\" \/>\n<link rel=\"canonical\" href=\"https:\/\/globasic.com\/en\/energias-renovables-en-el-ejido\/\" \/>\n<meta property=\"og:locale\" content=\"en_GB\" \/>\n<meta property=\"og:type\" content=\"article\" \/>\n<meta property=\"og:title\" content=\"Energ\u00edas Renovables - GLOBASIC\" \/>\n<meta property=\"og:description\" content=\"Somos especialistas en instalaciones de energ\u00eda solar fotovoltaica en El Ejido y en toda la provincia, ofreciendo soluciones personalizadas.\" \/>\n<meta property=\"og:url\" content=\"https:\/\/globasic.com\/en\/energias-renovables-en-el-ejido\/\" \/>\n<meta property=\"og:site_name\" content=\"GLOBASIC\" \/>\n<meta property=\"article:modified_time\" content=\"2025-11-14T13:21:55+00:00\" \/>\n<meta name=\"twitter:card\" content=\"summary_large_image\" \/>\n<meta name=\"twitter:label1\" content=\"Estimated reading time\" \/>\n\t<meta name=\"twitter:data1\" content=\"2 minutes\" \/>\n<script type=\"application\/ld+json\" class=\"yoast-schema-graph\">{\"@context\":\"https:\/\/schema.org\",\"@graph\":[{\"@type\":\"WebPage\",\"@id\":\"https:\/\/globasic.com\/energias-renovables-en-el-ejido\/\",\"url\":\"https:\/\/globasic.com\/energias-renovables-en-el-ejido\/\",\"name\":\"Energ\u00edas Renovables - GLOBASIC\",\"isPartOf\":{\"@id\":\"https:\/\/globasic.com\/#website\"},\"datePublished\":\"2025-10-14T13:28:06+00:00\",\"dateModified\":\"2025-11-14T13:21:55+00:00\",\"description\":\"Somos especialistas en instalaciones de energ\u00eda solar fotovoltaica en El Ejido y en toda la provincia, ofreciendo soluciones personalizadas.\",\"breadcrumb\":{\"@id\":\"https:\/\/globasic.com\/energias-renovables-en-el-ejido\/#breadcrumb\"},\"inLanguage\":\"en-GB\",\"potentialAction\":[{\"@type\":\"ReadAction\",\"target\":[\"https:\/\/globasic.com\/energias-renovables-en-el-ejido\/\"]}]},{\"@type\":\"BreadcrumbList\",\"@id\":\"https:\/\/globasic.com\/energias-renovables-en-el-ejido\/#breadcrumb\",\"itemListElement\":[{\"@type\":\"ListItem\",\"position\":1,\"name\":\"Portada\",\"item\":\"https:\/\/globasic.com\/\"},{\"@type\":\"ListItem\",\"position\":2,\"name\":\"Energ\u00edas Renovables\"}]},{\"@type\":\"WebSite\",\"@id\":\"https:\/\/globasic.com\/#website\",\"url\":\"https:\/\/globasic.com\/\",\"name\":\"GLOBASIC\",\"description\":\"Electricidad, seguridad y energ&iacute;as renovables en El Ejido\",\"potentialAction\":[{\"@type\":\"SearchAction\",\"target\":{\"@type\":\"EntryPoint\",\"urlTemplate\":\"https:\/\/globasic.com\/?s={search_term_string}\"},\"query-input\":{\"@type\":\"PropertyValueSpecification\",\"valueRequired\":true,\"valueName\":\"search_term_string\"}}],\"inLanguage\":\"en-GB\"}]}<\/script>\n<!-- \/ Yoast SEO plugin. -->","yoast_head_json":{"title":"Energ\u00edas Renovables - GLOBASIC","description":"Somos especialistas en instalaciones de energ\u00eda solar fotovoltaica en El Ejido y en toda la provincia, ofreciendo soluciones personalizadas.","robots":{"index":"index","follow":"follow","max-snippet":"max-snippet:-1","max-image-preview":"max-image-preview:large","max-video-preview":"max-video-preview:-1"},"canonical":"https:\/\/globasic.com\/en\/energias-renovables-en-el-ejido\/","og_locale":"en_GB","og_type":"article","og_title":"Energ\u00edas Renovables - GLOBASIC","og_description":"Somos especialistas en instalaciones de energ\u00eda solar fotovoltaica en El Ejido y en toda la provincia, ofreciendo soluciones personalizadas.","og_url":"https:\/\/globasic.com\/en\/energias-renovables-en-el-ejido\/","og_site_name":"GLOBASIC","article_modified_time":"2025-11-14T13:21:55+00:00","twitter_card":"summary_large_image","twitter_misc":{"Estimated reading time":"2 minutes"},"schema":{"@context":"https:\/\/schema.org","@graph":[{"@type":"WebPage","@id":"https:\/\/globasic.com\/energias-renovables-en-el-ejido\/","url":"https:\/\/globasic.com\/energias-renovables-en-el-ejido\/","name":"Energ\u00edas Renovables - GLOBASIC","isPartOf":{"@id":"https:\/\/globasic.com\/#website"},"datePublished":"2025-10-14T13:28:06+00:00","dateModified":"2025-11-14T13:21:55+00:00","description":"Somos especialistas en instalaciones de energ\u00eda solar fotovoltaica en El Ejido y en toda la provincia, ofreciendo soluciones personalizadas.","breadcrumb":{"@id":"https:\/\/globasic.com\/energias-renovables-en-el-ejido\/#breadcrumb"},"inLanguage":"en-GB","potentialAction":[{"@type":"ReadAction","target":["https:\/\/globasic.com\/energias-renovables-en-el-ejido\/"]}]},{"@type":"BreadcrumbList","@id":"https:\/\/globasic.com\/energias-renovables-en-el-ejido\/#breadcrumb","itemListElement":[{"@type":"ListItem","position":1,"name":"Portada","item":"https:\/\/globasic.com\/"},{"@type":"ListItem","position":2,"name":"Energ\u00edas Renovables"}]},{"@type":"WebSite","@id":"https:\/\/globasic.com\/#website","url":"https:\/\/globasic.com\/","name":"GLOBASIC","description":"Electricidad, seguridad y energ&iacute;as renovables en El Ejido","potentialAction":[{"@type":"SearchAction","target":{"@type":"EntryPoint","urlTemplate":"https:\/\/globasic.com\/?s={search_term_string}"},"query-input":{"@type":"PropertyValueSpecification","valueRequired":true,"valueName":"search_term_string"}}],"inLanguage":"en-GB"}]}},"_links":{"self":[{"href":"https:\/\/globasic.com\/en\/wp-json\/wp\/v2\/pages\/181","targetHints":{"allow":["GET"]}}],"collection":[{"href":"https:\/\/globasic.com\/en\/wp-json\/wp\/v2\/pages"}],"about":[{"href":"https:\/\/globasic.com\/en\/wp-json\/wp\/v2\/types\/page"}],"author":[{"embeddable":true,"href":"https:\/\/globasic.com\/en\/wp-json\/wp\/v2\/users\/2"}],"replies":[{"embeddable":true,"href":"https:\/\/globasic.com\/en\/wp-json\/wp\/v2\/comments?post=181"}],"version-history":[{"count":4,"href":"https:\/\/globasic.com\/en\/wp-json\/wp\/v2\/pages\/181\/revisions"}],"predecessor-version":[{"id":256,"href":"https:\/\/globasic.com\/en\/wp-json\/wp\/v2\/pages\/181\/revisions\/256"}],"wp:attachment":[{"href":"https:\/\/globasic.com\/en\/wp-json\/wp\/v2\/media?parent=181"}],"curies":[{"name":"wp","href":"https:\/\/api.w.org\/{rel}","templated":true}]}}