{"id":191,"date":"2025-10-14T13:43:01","date_gmt":"2025-10-14T13:43:01","guid":{"rendered":"https:\/\/globasic.com\/?page_id=191"},"modified":"2025-10-14T13:52:50","modified_gmt":"2025-10-14T13:52:50","slug":"sistemas-de-seguridad","status":"publish","type":"page","link":"https:\/\/globasic.com\/en\/sistemas-de-seguridad\/","title":{"rendered":"Sistemas de Seguridad"},"content":{"rendered":"<p>[et_pb_section fb_built=\u00bb1&#8243; custom_padding_last_edited=\u00bbon|tablet\u00bb _builder_version=\u00bb4.27.0&#8243; _module_preset=\u00bbdefault\u00bb background_color=\u00bb#18185e\u00bb use_background_color_gradient=\u00bbon\u00bb background_color_gradient_direction=\u00bb167deg\u00bb background_color_gradient_stops=\u00bb#000000 71%|#72c5e3 100%\u00bb background_color_gradient_overlays_image=\u00bbon\u00bb background_image=\u00bbhttps:\/\/globasic.com\/wp-content\/uploads\/2025\/10\/it-services-6-vmr-4.png\u00bb background_size=\u00bbcustom\u00bb background_repeat=\u00bbrepeat\u00bb custom_margin=\u00bb0px||0px||false|false\u00bb custom_padding=\u00bb90px||90px||true|false\u00bb custom_padding_tablet=\u00bb120px||120px||false|false\u00bb custom_padding_phone=\u00bb90px||60px||false|false\u00bb bottom_divider_style=\u00bbcurve2&#8243; bottom_divider_color=\u00bb#FFFFFF\u00bb global_colors_info=\u00bb{}\u00bb theme_builder_area=\u00bbpost_content\u00bb][et_pb_row column_structure=\u00bb2_3,1_3&#8243; use_custom_gutter=\u00bbon\u00bb gutter_width=\u00bb1&#8243; module_class=\u00bbit-services-6-inlbtn-sc\u00bb _builder_version=\u00bb4.25.2&#8243; _module_preset=\u00bbdefault\u00bb width=\u00bb90%\u00bb custom_margin=\u00bb0px||0px||false|false\u00bb custom_padding=\u00bb0px||0px||false|false\u00bb global_colors_info=\u00bb{}\u00bb theme_builder_area=\u00bbpost_content\u00bb][et_pb_column type=\u00bb2_3&#8243; _builder_version=\u00bb4.25.2&#8243; _module_preset=\u00bbdefault\u00bb global_colors_info=\u00bb{}\u00bb theme_builder_area=\u00bbpost_content\u00bb][et_pb_code admin_label=\u00bbinline-button code\u00bb _builder_version=\u00bb4.25.2&#8243; _module_preset=\u00bbdefault\u00bb custom_margin=\u00bb0px||0px||false|false\u00bb custom_padding=\u00bb0px||0px||false|false\u00bb global_colors_info=\u00bb{}\u00bb theme_builder_area=\u00bbpost_content\u00bb]<\/p>\n<style><!-- [et_pb_line_break_holder] -->  .it-services-6-inlbtn-sc<!-- [et_pb_line_break_holder] -->.et_pb_button_module_wrapper {<!-- [et_pb_line_break_holder] -->display: inline-block;<!-- [et_pb_line_break_holder] --><!-- [et_pb_line_break_holder] -->}<!-- [et_pb_line_break_holder] --><!-- [et_pb_line_break_holder] --><\/style>\n<p>[\/et_pb_code][et_pb_text _builder_version=\u00bb4.27.4&#8243; _module_preset=\u00bbdefault\u00bb header_text_align=\u00bbleft\u00bb header_text_color=\u00bb#FFFFFF\u00bb header_font_size=\u00bb45px\u00bb header_letter_spacing=\u00bb-1px\u00bb header_line_height=\u00bb1.18em\u00bb custom_margin=\u00bb0px||26px||false|false\u00bb custom_margin_tablet=\u00bb0px||26px||false|false\u00bb custom_margin_phone=\u00bb0px||15px||false|false\u00bb custom_margin_last_edited=\u00bbon|phone\u00bb custom_padding=\u00bb0px||0px||false|false\u00bb animation_style=\u00bbslide\u00bb animation_direction=\u00bbbottom\u00bb animation_delay=\u00bb500ms\u00bb animation_intensity_slide=\u00bb3%\u00bb animation_speed_curve=\u00bbease\u00bb hover_enabled=\u00bb0&#8243; header_font_size_tablet=\u00bb64px\u00bb header_font_size_phone=\u00bb32px\u00bb header_font_size_last_edited=\u00bbon|desktop\u00bb global_colors_info=\u00bb{}\u00bb theme_builder_area=\u00bbpost_content\u00bb sticky_enabled=\u00bb0&#8243;]<\/p>\n<h1><span style=\"color: #72c5e3;\"><strong>Sistemas de Seguridad en El Ejido<\/strong><\/span>: tu tranquilidad, nuestra prioridad<\/h1>\n<p>[\/et_pb_text][et_pb_code admin_label=\u00bbblurm img border fix\u00bb _builder_version=\u00bb4.25.2&#8243; _module_preset=\u00bbdefault\u00bb custom_margin=\u00bb0px||0px||false|false\u00bb custom_padding=\u00bb0px||0px||false|false\u00bb global_colors_info=\u00bb{}\u00bb theme_builder_area=\u00bbpost_content\u00bb]<\/p>\n<style><!-- [et_pb_line_break_holder] -->  .et_pb_main_blurb_image > span > img {<!-- [et_pb_line_break_holder] -->    border-radius:unset;<!-- [et_pb_line_break_holder] -->  }<!-- [et_pb_line_break_holder] --><\/style>\n<p>[\/et_pb_code][\/et_pb_column][et_pb_column type=\u00bb1_3&#8243; _builder_version=\u00bb4.25.2&#8243; _module_preset=\u00bbdefault\u00bb global_colors_info=\u00bb{}\u00bb theme_builder_area=\u00bbpost_content\u00bb][\/et_pb_column][\/et_pb_row][\/et_pb_section][et_pb_section fb_built=\u00bb1&#8243; custom_padding_last_edited=\u00bbon|tablet\u00bb _builder_version=\u00bb4.27.0&#8243; _module_preset=\u00bbdefault\u00bb background_color=\u00bb#FFFFFF\u00bb custom_margin=\u00bb0px||0px||false|false\u00bb custom_padding=\u00bb50px||50px||true|false\u00bb custom_padding_tablet=\u00bb120px||0px||false|false\u00bb custom_padding_phone=\u00bb90px||||false|false\u00bb global_colors_info=\u00bb{}\u00bb theme_builder_area=\u00bbpost_content\u00bb][et_pb_row column_structure=\u00bb2_3,1_3&#8243; _builder_version=\u00bb4.27.4&#8243; _module_preset=\u00bbdefault\u00bb global_colors_info=\u00bb{}\u00bb theme_builder_area=\u00bbpost_content\u00bb][et_pb_column type=\u00bb2_3&#8243; _builder_version=\u00bb4.27.4&#8243; _module_preset=\u00bbdefault\u00bb global_colors_info=\u00bb{}\u00bb theme_builder_area=\u00bbpost_content\u00bb][et_pb_text _builder_version=\u00bb4.27.4&#8243; _module_preset=\u00bbdefault\u00bb header_4_text_align=\u00bbleft\u00bb header_4_text_color=\u00bb#000000&#8243; header_4_font_size=\u00bb20px\u00bb header_4_line_height=\u00bb1.4em\u00bb custom_margin=\u00bb0px||12px||false|false\u00bb custom_padding=\u00bb0px||0px||false|false\u00bb hover_enabled=\u00bb0&#8243; global_colors_info=\u00bb{}\u00bb theme_builder_area=\u00bbpost_content\u00bb sticky_enabled=\u00bb0&#8243;]<\/p>\n<h4>En Globasic somos <strong>especialistas en instalaciones de seguridad<\/strong> en El Ejido y en toda la provincia de Almer\u00eda, con <strong>m\u00e1s de 25 a\u00f1os de experiencia<\/strong> protegiendo hogares, empresas, comunidades y fincas.<\/h4>\n<p>[\/et_pb_text][et_pb_text _builder_version=\u00bb4.27.0&#8243; _module_preset=\u00bbdefault\u00bb text_text_color=\u00bb#000000&#8243; text_font_size=\u00bb16px\u00bb text_line_height=\u00bb1.8em\u00bb custom_margin=\u00bb0px||23px||false|false\u00bb custom_padding=\u00bb0px||0px||false|false\u00bb global_colors_info=\u00bb{}\u00bb theme_builder_area=\u00bbpost_content\u00bb]<\/p>\n<p><span style=\"font-weight: 400;\">Nuestro compromiso es ofrecer <\/span><b>soluciones integrales de seguridad<\/b><span style=\"font-weight: 400;\"> adaptadas a cada entorno, combinando tecnolog\u00eda avanzada, materiales de calidad y un equipo t\u00e9cnico con amplia experiencia. En Globasic, la confianza y la tranquilidad de nuestros clientes son nuestra mayor prioridad.<\/span><\/p>\n<p>[\/et_pb_text][\/et_pb_column][et_pb_column type=\u00bb1_3&#8243; _builder_version=\u00bb4.27.4&#8243; _module_preset=\u00bbdefault\u00bb global_colors_info=\u00bb{}\u00bb theme_builder_area=\u00bbpost_content\u00bb][\/et_pb_column][\/et_pb_row][et_pb_row column_structure=\u00bb1_3,1_3,1_3&#8243; use_custom_gutter=\u00bbon\u00bb gutter_width=\u00bb2&#8243; make_equal=\u00bbon\u00bb _builder_version=\u00bb4.27.4&#8243; _module_preset=\u00bbdefault\u00bb width=\u00bb90%\u00bb global_colors_info=\u00bb{}\u00bb theme_builder_area=\u00bbpost_content\u00bb][et_pb_column type=\u00bb1_3&#8243; _builder_version=\u00bb4.27.4&#8243; _module_preset=\u00bbdefault\u00bb global_colors_info=\u00bb{}\u00bb theme_builder_area=\u00bbpost_content\u00bb][dsm_card title=\u00bbSoluciones de seguridad para cada necesidad\u00bb image=\u00bbhttps:\/\/globasic.com\/wp-content\/uploads\/2025\/10\/2152024172.jpg\u00bb image_background_animation=\u00bbzoom_in\u00bb badge_text=\u00bbServicios\u00bb button_text=\u00bbContacto\u00bb button_url=\u00bb#contacto\u00bb button_url_new_window=\u00bb1&#8243; _builder_version=\u00bb4.27.4&#8243; _module_preset=\u00bbdefault\u00bb header_font=\u00bb|700|||||||\u00bb header_text_color=\u00bb#20434F\u00bb header_font_size=\u00bb20px\u00bb header_line_height=\u00bb1.2em\u00bb background_color=\u00bbrgba(114,197,227,0.23)\u00bb custom_button=\u00bbon\u00bb button_text_size=\u00bb15px\u00bb button_text_color=\u00bb#20434F\u00bb button_border_width=\u00bb1px\u00bb button_border_radius=\u00bb10px\u00bb hover_enabled=\u00bb0&#8243; global_colors_info=\u00bb{}\u00bb theme_builder_area=\u00bbpost_content\u00bb sticky_enabled=\u00bb0&#8243; title_text=\u00bb2152024172&#8243;]<\/p>\n<ul>\n<li style=\"font-weight: 400;\" aria-level=\"1\">\n<p><span style=\"font-weight: 400;\">Dise\u00f1amos e instalamos sistemas completos que garantizan <\/span><b>protecci\u00f3n y control en tiempo real<\/b><span style=\"font-weight: 400;\">, tanto en espacios residenciales como en entornos empresariales o agr\u00edcolas:<\/span><\/p>\n<ul>\n<li style=\"font-weight: 400;\" aria-level=\"1\"><b>Sistemas de alarma<\/b><span style=\"font-weight: 400;\"> con aviso inmediato ante cualquier incidencia.<\/span><\/li>\n<li style=\"font-weight: 400;\" aria-level=\"1\"><b>Videovigilancia (CCTV)<\/b><span style=\"font-weight: 400;\"> con c\u00e1maras de alta resoluci\u00f3n y acceso remoto.<\/span><\/li>\n<li style=\"font-weight: 400;\" aria-level=\"1\"><b>Control de accesos<\/b><span style=\"font-weight: 400;\"> para limitar y gestionar la entrada a instalaciones.<\/span><\/li>\n<li style=\"font-weight: 400;\" aria-level=\"1\"><b>Sistemas contra incendios y detecci\u00f3n de humo.<\/b><\/li>\n<li style=\"font-weight: 400;\" aria-level=\"1\"><b>Integraci\u00f3n inteligente de sistemas<\/b><span style=\"font-weight: 400;\">, gestionables desde cualquier dispositivo.<\/span><\/li>\n<\/ul>\n<p><span style=\"font-weight: 400;\">Cada proyecto se planifica de forma personalizada, priorizando la seguridad, la eficacia y la facilidad de uso.<\/span><\/p>\n<\/li>\n<\/ul>\n<p>[\/dsm_card][\/et_pb_column][et_pb_column type=\u00bb1_3&#8243; _builder_version=\u00bb4.27.4&#8243; _module_preset=\u00bbdefault\u00bb global_colors_info=\u00bb{}\u00bb theme_builder_area=\u00bbpost_content\u00bb][dsm_card title=\u00bbConfianza y calidad garantizadas\u00bb content_horizontal_alignment=\u00bbflex-start\u00bb image=\u00bbhttps:\/\/globasic.com\/wp-content\/uploads\/2025\/10\/11367633.jpg\u00bb image_background_animation=\u00bbzoom_in\u00bb badge_text=\u00bbServicios\u00bb button_text=\u00bbContacto\u00bb button_url=\u00bb#contacto\u00bb button_url_new_window=\u00bb1&#8243; _builder_version=\u00bb4.27.4&#8243; _module_preset=\u00bbdefault\u00bb header_font=\u00bb|700|||||||\u00bb header_text_color=\u00bb#20434F\u00bb header_font_size=\u00bb20px\u00bb header_line_height=\u00bb1.2em\u00bb background_color=\u00bbrgba(114,197,227,0.23)\u00bb custom_button=\u00bbon\u00bb button_text_size=\u00bb15px\u00bb button_text_color=\u00bb#20434F\u00bb button_border_width=\u00bb1px\u00bb button_border_radius=\u00bb10px\u00bb global_colors_info=\u00bb{}\u00bb theme_builder_area=\u00bbpost_content\u00bb title_text=\u00bb11367633&#8243;]<\/p>\n<p><span style=\"font-weight: 400;\">Trabajamos con <\/span><b>equipos y componentes de primeras marcas<\/b><span style=\"font-weight: 400;\">, seleccionados por su fiabilidad y durabilidad. Nuestro equipo t\u00e9cnico se encarga de la instalaci\u00f3n, configuraci\u00f3n y mantenimiento de todos los sistemas, asegurando su correcto funcionamiento y la m\u00e1xima protecci\u00f3n en todo momento.<\/span><\/p>\n<p>[\/dsm_card][\/et_pb_column][et_pb_column type=\u00bb1_3&#8243; _builder_version=\u00bb4.27.4&#8243; _module_preset=\u00bbdefault\u00bb global_colors_info=\u00bb{}\u00bb theme_builder_area=\u00bbpost_content\u00bb][dsm_card title=\u00bbM\u00e1s de 25 a\u00f1os protegiendo lo que m\u00e1s importa\u00bb content_horizontal_alignment=\u00bbflex-start\u00bb image=\u00bbhttps:\/\/globasic.com\/wp-content\/uploads\/2025\/10\/7.jpg\u00bb image_background_animation=\u00bbzoom_in\u00bb badge_text=\u00bbServicios\u00bb button_text=\u00bbContacto\u00bb button_url=\u00bb#contacto\u00bb button_url_new_window=\u00bb1&#8243; _builder_version=\u00bb4.27.4&#8243; _module_preset=\u00bbdefault\u00bb header_font=\u00bb|700|||||||\u00bb header_text_color=\u00bb#20434F\u00bb header_font_size=\u00bb20px\u00bb header_line_height=\u00bb1.2em\u00bb background_color=\u00bbrgba(114,197,227,0.23)\u00bb custom_button=\u00bbon\u00bb button_text_size=\u00bb15px\u00bb button_text_color=\u00bb#20434F\u00bb button_border_width=\u00bb1px\u00bb button_border_radius=\u00bb10px\u00bb hover_enabled=\u00bb0&#8243; global_colors_info=\u00bb{}\u00bb theme_builder_area=\u00bbpost_content\u00bb title_text=\u00bb7&#8243; sticky_enabled=\u00bb0&#8243;]<\/p>\n<p><span style=\"font-weight: 400;\">Nuestra experiencia y profesionalidad nos avalan como una empresa de referencia en <\/span><b>seguridad en Almer\u00eda<\/b><span style=\"font-weight: 400;\">. Ofrecemos un servicio cercano, r\u00e1pido y adaptado a las necesidades de cada cliente, siempre con el respaldo de un equipo especializado.<\/span><\/p>\n<p>[\/dsm_card][\/et_pb_column][\/et_pb_row][\/et_pb_section][et_pb_section fb_built=\u00bb1&#8243; custom_padding_last_edited=\u00bbon|tablet\u00bb prev_background_color=\u00bb#FFFFFF\u00bb _builder_version=\u00bb4.27.4&#8243; _module_preset=\u00bbdefault\u00bb background_color=\u00bb#20434F\u00bb use_background_color_gradient=\u00bbon\u00bb background_color_gradient_direction=\u00bb167deg\u00bb background_color_gradient_stops=\u00bbrgba(0,0,0,0.74) 71%|#72c5e3 100%\u00bb background_color_gradient_overlays_image=\u00bbon\u00bb background_image=\u00bbhttps:\/\/globasic.com\/wp-content\/uploads\/2025\/10\/89415.jpg\u00bb background_position=\u00bbcenter_right\u00bb background_repeat=\u00bbrepeat\u00bb custom_margin=\u00bb0px||0px||false|false\u00bb custom_padding=\u00bb180px||115px||false|false\u00bb custom_padding_tablet=\u00bb275px||115px||false|false\u00bb custom_padding_phone=\u00bb245px||85px||false|false\u00bb top_divider_style=\u00bbcurve2&#8243; hover_enabled=\u00bb0&#8243; global_colors_info=\u00bb{}\u00bb theme_builder_area=\u00bbpost_content\u00bb title_text=\u00bb89415&#8243; sticky_enabled=\u00bb0&#8243;][et_pb_row column_structure=\u00bb1_2,1_2&#8243; use_custom_gutter=\u00bbon\u00bb gutter_width=\u00bb1&#8243; _builder_version=\u00bb4.27.4&#8243; _module_preset=\u00bbdefault\u00bb width=\u00bb90%\u00bb custom_margin=\u00bb0px||55px||false|false\u00bb custom_padding=\u00bb0px||0px||false|false\u00bb animation_style=\u00bbfade\u00bb animation_delay=\u00bb500ms\u00bb animation_speed_curve=\u00bbease\u00bb global_colors_info=\u00bb{}\u00bb custom_css_main_element_last_edited=\u00bbon|tablet\u00bb custom_css_main_element_tablet=\u00bbtext-align:center;\u00bb custom_css_main_element_phone=\u00bbtext-align:center;\u00bb theme_builder_area=\u00bbpost_content\u00bb][et_pb_column type=\u00bb1_2&#8243; _builder_version=\u00bb4.25.2&#8243; _module_preset=\u00bbdefault\u00bb global_colors_info=\u00bb{}\u00bb theme_builder_area=\u00bbpost_content\u00bb][et_pb_text _builder_version=\u00bb4.27.4&#8243; _module_preset=\u00bbdefault\u00bb header_2_text_align=\u00bbleft\u00bb header_2_text_color=\u00bb#FFFFFF\u00bb header_2_font_size=\u00bb48px\u00bb header_2_line_height=\u00bb1.1em\u00bb max_width_tablet=\u00bb100%\u00bb max_width_phone=\u00bb100%\u00bb max_width_last_edited=\u00bboff|desktop\u00bb custom_margin=\u00bb0px||0px||false|false\u00bb custom_margin_tablet=\u00bb0px||20px||false|false\u00bb custom_margin_phone=\u00bb0px||20px||false|false\u00bb custom_margin_last_edited=\u00bbon|tablet\u00bb custom_padding=\u00bb0px||0px||false|false\u00bb hover_enabled=\u00bb0&#8243; header_2_text_align_tablet=\u00bbcenter\u00bb header_2_text_align_phone=\u00bbcenter\u00bb header_2_text_align_last_edited=\u00bbon|tablet\u00bb header_2_font_size_tablet=\u00bb48px\u00bb header_2_font_size_phone=\u00bb30px\u00bb header_2_font_size_last_edited=\u00bbon|phone\u00bb global_colors_info=\u00bb{}\u00bb theme_builder_area=\u00bbpost_content\u00bb sticky_enabled=\u00bb0&#8243;]<\/p>\n<h2>Protege tu hogar, empresa, comunidad o finca con Globasic<br \/>\n<\/h2>\n<p>[\/et_pb_text][et_pb_text _builder_version=\u00bb4.27.4&#8243; _module_preset=\u00bbdefault\u00bb header_4_text_align=\u00bbleft\u00bb header_4_text_color=\u00bb#FFFFFF\u00bb header_4_font_size=\u00bb20px\u00bb header_4_line_height=\u00bb1.4em\u00bb custom_margin=\u00bb0px||12px||false|false\u00bb custom_padding=\u00bb0px||0px||false|false\u00bb locked=\u00bboff\u00bb global_colors_info=\u00bb{}\u00bb theme_builder_area=\u00bbpost_content\u00bb]<\/p>\n<h4><strong>Conf\u00eda en Globasic y disfruta de la tranquilidad de contar con profesionales en seguridad.<\/strong><\/h4>\n<h4><strong><\/strong><span style=\"font-weight: 400;\">Solicita tu presupuesto sin compromiso y te ayudaremos a encontrar la mejor soluci\u00f3n para ti.<\/span><\/h4>\n<p>[\/et_pb_text][et_pb_button button_url=\u00bb#contacto\u00bb button_text=\u00bbSolicita tu presupuesto\u00bb button_alignment=\u00bbleft\u00bb _builder_version=\u00bb4.27.4&#8243; _module_preset=\u00bbdefault\u00bb custom_button=\u00bbon\u00bb button_text_size=\u00bb14px\u00bb button_text_color=\u00bb#FFFFFF\u00bb button_bg_color=\u00bb#72C5E3&#8243; button_border_width=\u00bb1px\u00bb button_border_radius=\u00bb14px\u00bb button_font=\u00bb&#8211;et_global_heading_font|||on|||||\u00bb button_icon=\u00bb&#xf105;||fa||900&#8243; button_on_hover=\u00bboff\u00bb custom_margin=\u00bb0px|22px|0px|0px|false|false\u00bb custom_margin_tablet=\u00bb0px|22px|0px|0px|false|false\u00bb custom_margin_phone=\u00bb0px|22px|25px|0px|false|false\u00bb custom_margin_last_edited=\u00bbon|phone\u00bb custom_padding=\u00bb16px|53px|16px|40px|false|false\u00bb animation_style=\u00bbslide\u00bb animation_direction=\u00bbbottom\u00bb animation_delay=\u00bb900ms\u00bb animation_intensity_slide=\u00bb10%\u00bb animation_speed_curve=\u00bbease\u00bb hover_enabled=\u00bb0&#8243; locked=\u00bboff\u00bb global_colors_info=\u00bb{}\u00bb button_bg_color__hover_enabled=\u00bbon|desktop\u00bb button_bg_color__hover=\u00bb#20434F\u00bb button_bg_enable_color__hover=\u00bbon\u00bb button_letter_spacing__hover_enabled=\u00bbon|hover\u00bb button_letter_spacing__hover=\u00bb0px\u00bb theme_builder_area=\u00bbpost_content\u00bb sticky_enabled=\u00bb0&#8243;][\/et_pb_button][\/et_pb_column][et_pb_column type=\u00bb1_2&#8243; _builder_version=\u00bb4.25.2&#8243; _module_preset=\u00bbdefault\u00bb custom_padding=\u00bb|||15px|false|false\u00bb custom_padding_tablet=\u00bb|||0px|false|false\u00bb custom_padding_phone=\u00bb|||0px|false|false\u00bb custom_padding_last_edited=\u00bbon|tablet\u00bb global_colors_info=\u00bb{}\u00bb theme_builder_area=\u00bbpost_content\u00bb][et_pb_divider color=\u00bbRGBA(255,255,255,0)\u00bb _builder_version=\u00bb4.25.2&#8243; _module_preset=\u00bbdefault\u00bb max_height=\u00bb1px\u00bb custom_margin=\u00bb0px||0px||false|false\u00bb custom_padding=\u00bb0px||0px||false|false\u00bb global_colors_info=\u00bb{}\u00bb theme_builder_area=\u00bbpost_content\u00bb][\/et_pb_divider][\/et_pb_column][\/et_pb_row][\/et_pb_section]<\/p>","protected":false},"excerpt":{"rendered":"<p>Sistemas de Seguridad en El Ejido: tu tranquilidad, nuestra prioridadEn Globasic somos especialistas en instalaciones de seguridad en El Ejido y en toda la provincia de Almer\u00eda, con m\u00e1s de 25 a\u00f1os de experiencia protegiendo hogares, empresas, comunidades y fincas.Nuestro compromiso es ofrecer soluciones integrales de seguridad adaptadas a cada entorno, combinando tecnolog\u00eda avanzada, materiales [&hellip;]<\/p>","protected":false},"author":2,"featured_media":0,"parent":0,"menu_order":0,"comment_status":"closed","ping_status":"closed","template":"","meta":{"_et_pb_use_builder":"on","_et_pb_old_content":"","_et_gb_content_width":"","footnotes":""},"class_list":["post-191","page","type-page","status-publish","hentry"],"yoast_head":"<!-- This site is optimized with the Yoast SEO plugin v26.3 - https:\/\/yoast.com\/wordpress\/plugins\/seo\/ -->\n<title>Sistemas de Seguridad - GLOBASIC<\/title>\n<meta name=\"robots\" content=\"index, follow, max-snippet:-1, max-image-preview:large, max-video-preview:-1\" \/>\n<link rel=\"canonical\" href=\"https:\/\/globasic.com\/en\/sistemas-de-seguridad\/\" \/>\n<meta property=\"og:locale\" content=\"en_GB\" \/>\n<meta property=\"og:type\" content=\"article\" \/>\n<meta property=\"og:title\" content=\"Sistemas de Seguridad - GLOBASIC\" \/>\n<meta property=\"og:description\" content=\"Sistemas de Seguridad en El Ejido: tu tranquilidad, nuestra prioridadEn Globasic somos especialistas en instalaciones de seguridad en El Ejido y en toda la provincia de Almer\u00eda, con m\u00e1s de 25 a\u00f1os de experiencia protegiendo hogares, empresas, comunidades y fincas.Nuestro compromiso es ofrecer soluciones integrales de seguridad adaptadas a cada entorno, combinando tecnolog\u00eda avanzada, materiales [&hellip;]\" \/>\n<meta property=\"og:url\" content=\"https:\/\/globasic.com\/en\/sistemas-de-seguridad\/\" \/>\n<meta property=\"og:site_name\" content=\"GLOBASIC\" \/>\n<meta property=\"article:modified_time\" content=\"2025-10-14T13:52:50+00:00\" \/>\n<meta name=\"twitter:card\" content=\"summary_large_image\" \/>\n<meta name=\"twitter:label1\" content=\"Estimated reading time\" \/>\n\t<meta name=\"twitter:data1\" content=\"9 minutes\" \/>\n<script type=\"application\/ld+json\" class=\"yoast-schema-graph\">{\"@context\":\"https:\/\/schema.org\",\"@graph\":[{\"@type\":\"WebPage\",\"@id\":\"https:\/\/globasic.com\/sistemas-de-seguridad\/\",\"url\":\"https:\/\/globasic.com\/sistemas-de-seguridad\/\",\"name\":\"Sistemas de Seguridad - GLOBASIC\",\"isPartOf\":{\"@id\":\"https:\/\/globasic.com\/#website\"},\"datePublished\":\"2025-10-14T13:43:01+00:00\",\"dateModified\":\"2025-10-14T13:52:50+00:00\",\"breadcrumb\":{\"@id\":\"https:\/\/globasic.com\/sistemas-de-seguridad\/#breadcrumb\"},\"inLanguage\":\"en-GB\",\"potentialAction\":[{\"@type\":\"ReadAction\",\"target\":[\"https:\/\/globasic.com\/sistemas-de-seguridad\/\"]}]},{\"@type\":\"BreadcrumbList\",\"@id\":\"https:\/\/globasic.com\/sistemas-de-seguridad\/#breadcrumb\",\"itemListElement\":[{\"@type\":\"ListItem\",\"position\":1,\"name\":\"Portada\",\"item\":\"https:\/\/globasic.com\/\"},{\"@type\":\"ListItem\",\"position\":2,\"name\":\"Sistemas de Seguridad\"}]},{\"@type\":\"WebSite\",\"@id\":\"https:\/\/globasic.com\/#website\",\"url\":\"https:\/\/globasic.com\/\",\"name\":\"GLOBASIC\",\"description\":\"Electricidad, seguridad y energ&iacute;as renovables en El Ejido\",\"potentialAction\":[{\"@type\":\"SearchAction\",\"target\":{\"@type\":\"EntryPoint\",\"urlTemplate\":\"https:\/\/globasic.com\/?s={search_term_string}\"},\"query-input\":{\"@type\":\"PropertyValueSpecification\",\"valueRequired\":true,\"valueName\":\"search_term_string\"}}],\"inLanguage\":\"en-GB\"}]}<\/script>\n<!-- \/ Yoast SEO plugin. -->","yoast_head_json":{"title":"Sistemas de Seguridad - GLOBASIC","robots":{"index":"index","follow":"follow","max-snippet":"max-snippet:-1","max-image-preview":"max-image-preview:large","max-video-preview":"max-video-preview:-1"},"canonical":"https:\/\/globasic.com\/en\/sistemas-de-seguridad\/","og_locale":"en_GB","og_type":"article","og_title":"Sistemas de Seguridad - GLOBASIC","og_description":"Sistemas de Seguridad en El Ejido: tu tranquilidad, nuestra prioridadEn Globasic somos especialistas en instalaciones de seguridad en El Ejido y en toda la provincia de Almer\u00eda, con m\u00e1s de 25 a\u00f1os de experiencia protegiendo hogares, empresas, comunidades y fincas.Nuestro compromiso es ofrecer soluciones integrales de seguridad adaptadas a cada entorno, combinando tecnolog\u00eda avanzada, materiales [&hellip;]","og_url":"https:\/\/globasic.com\/en\/sistemas-de-seguridad\/","og_site_name":"GLOBASIC","article_modified_time":"2025-10-14T13:52:50+00:00","twitter_card":"summary_large_image","twitter_misc":{"Estimated reading time":"9 minutes"},"schema":{"@context":"https:\/\/schema.org","@graph":[{"@type":"WebPage","@id":"https:\/\/globasic.com\/sistemas-de-seguridad\/","url":"https:\/\/globasic.com\/sistemas-de-seguridad\/","name":"Sistemas de Seguridad - GLOBASIC","isPartOf":{"@id":"https:\/\/globasic.com\/#website"},"datePublished":"2025-10-14T13:43:01+00:00","dateModified":"2025-10-14T13:52:50+00:00","breadcrumb":{"@id":"https:\/\/globasic.com\/sistemas-de-seguridad\/#breadcrumb"},"inLanguage":"en-GB","potentialAction":[{"@type":"ReadAction","target":["https:\/\/globasic.com\/sistemas-de-seguridad\/"]}]},{"@type":"BreadcrumbList","@id":"https:\/\/globasic.com\/sistemas-de-seguridad\/#breadcrumb","itemListElement":[{"@type":"ListItem","position":1,"name":"Portada","item":"https:\/\/globasic.com\/"},{"@type":"ListItem","position":2,"name":"Sistemas de Seguridad"}]},{"@type":"WebSite","@id":"https:\/\/globasic.com\/#website","url":"https:\/\/globasic.com\/","name":"GLOBASIC","description":"Electricidad, seguridad y energ&iacute;as renovables en El Ejido","potentialAction":[{"@type":"SearchAction","target":{"@type":"EntryPoint","urlTemplate":"https:\/\/globasic.com\/?s={search_term_string}"},"query-input":{"@type":"PropertyValueSpecification","valueRequired":true,"valueName":"search_term_string"}}],"inLanguage":"en-GB"}]}},"_links":{"self":[{"href":"https:\/\/globasic.com\/en\/wp-json\/wp\/v2\/pages\/191","targetHints":{"allow":["GET"]}}],"collection":[{"href":"https:\/\/globasic.com\/en\/wp-json\/wp\/v2\/pages"}],"about":[{"href":"https:\/\/globasic.com\/en\/wp-json\/wp\/v2\/types\/page"}],"author":[{"embeddable":true,"href":"https:\/\/globasic.com\/en\/wp-json\/wp\/v2\/users\/2"}],"replies":[{"embeddable":true,"href":"https:\/\/globasic.com\/en\/wp-json\/wp\/v2\/comments?post=191"}],"version-history":[{"count":3,"href":"https:\/\/globasic.com\/en\/wp-json\/wp\/v2\/pages\/191\/revisions"}],"predecessor-version":[{"id":200,"href":"https:\/\/globasic.com\/en\/wp-json\/wp\/v2\/pages\/191\/revisions\/200"}],"wp:attachment":[{"href":"https:\/\/globasic.com\/en\/wp-json\/wp\/v2\/media?parent=191"}],"curies":[{"name":"wp","href":"https:\/\/api.w.org\/{rel}","templated":true}]}}