{"id":2,"date":"2023-01-25T12:32:10","date_gmt":"2023-01-25T12:32:10","guid":{"rendered":"http:\/\/globasic.com\/?page_id=2"},"modified":"2025-12-16T12:22:58","modified_gmt":"2025-12-16T12:22:58","slug":"soluciones-integrales-y-mantenimiento","status":"publish","type":"page","link":"https:\/\/globasic.com\/en\/","title":{"rendered":"Inicio"},"content":{"rendered":"<p>[et_pb_section fb_built=\u00bb1&#8243; custom_padding_last_edited=\u00bbon|tablet\u00bb _builder_version=\u00bb4.27.4&#8243; _module_preset=\u00bbdefault\u00bb background_color=\u00bb#18185e\u00bb use_background_color_gradient=\u00bbon\u00bb background_color_gradient_direction=\u00bb167deg\u00bb background_color_gradient_stops=\u00bb#000000 71%|#72c5e3 100%\u00bb background_color_gradient_overlays_image=\u00bbon\u00bb background_image=\u00bbhttps:\/\/globasic.com\/wp-content\/uploads\/2025\/10\/it-services-6-vmr-4.png\u00bb background_size=\u00bbcustom\u00bb background_repeat=\u00bbrepeat\u00bb background_video_mp4=\u00bbhttps:\/\/globasic.com\/wp-content\/uploads\/2025\/11\/Freepik-Video-Generator-52310.mp4&#8243; custom_margin=\u00bb0px||0px||false|false\u00bb custom_padding=\u00bb320px||320px||true|false\u00bb custom_padding_tablet=\u00bb120px||120px||false|false\u00bb custom_padding_phone=\u00bb90px||60px||false|false\u00bb bottom_divider_style=\u00bbcurve2&#8243; bottom_divider_color=\u00bb#FFFFFF\u00bb global_colors_info=\u00bb{}\u00bb][\/et_pb_section][et_pb_section fb_built=\u00bb1&#8243; custom_padding_last_edited=\u00bbon|tablet\u00bb _builder_version=\u00bb4.27.0&#8243; _module_preset=\u00bbdefault\u00bb background_color=\u00bb#FFFFFF\u00bb custom_margin=\u00bb0px||0px||false|false\u00bb custom_padding=\u00bb100px||0px||false|false\u00bb custom_padding_tablet=\u00bb120px||0px||false|false\u00bb custom_padding_phone=\u00bb90px||||false|false\u00bb global_colors_info=\u00bb{}\u00bb][et_pb_row column_structure=\u00bb1_3,1_3,1_3&#8243; use_custom_gutter=\u00bbon\u00bb gutter_width=\u00bb1&#8243; make_equal=\u00bbon\u00bb _builder_version=\u00bb4.27.4&#8243; _module_preset=\u00bbdefault\u00bb background_color=\u00bb#000000&#8243; z_index=\u00bb60&#8243; width=\u00bb90%\u00bb max_width_tablet=\u00bb450px\u00bb max_width_phone=\u00bb450px\u00bb max_width_last_edited=\u00bbon|tablet\u00bb custom_margin=\u00bb0px||-165px||false|false\u00bb custom_padding=\u00bb15px|15px|15px|15px|false|false\u00bb animation_style=\u00bbslide\u00bb animation_direction=\u00bbbottom\u00bb animation_intensity_slide=\u00bb3%\u00bb animation_speed_curve=\u00bbease\u00bb hover_enabled=\u00bb0&#8243; border_radii=\u00bbon|45px|45px|45px|45px\u00bb global_colors_info=\u00bb{}\u00bb module_id=\u00bbservicios\u00bb sticky_enabled=\u00bb0&#8243;][et_pb_column type=\u00bb1_3&#8243; _builder_version=\u00bb4.27.4&#8243; _module_preset=\u00bbdefault\u00bb background_color=\u00bbRGBA(255,255,255,0)\u00bb custom_padding=\u00bb30px|30px|30px|30px|true|true\u00bb custom_padding_tablet=\u00bb60px|60px|60px|60px|false|false\u00bb custom_padding_phone=\u00bb40px|20px|40px|20px|false|false\u00bb custom_padding_last_edited=\u00bbon|phone\u00bb global_colors_info=\u00bb{}\u00bb background__hover_enabled=\u00bbon|hover\u00bb background_color__hover=\u00bb#FFFFFF\u00bb background_enable_color__hover=\u00bbon\u00bb][dsm_card title=\u00bbElectricidad\u00bb image=\u00bbhttps:\/\/globasic.com\/wp-content\/uploads\/2025\/10\/un-electricista-masculino-trabaja-en-una-centralita-con-un-cable-de-conexion-electrica-scaled.jpg\u00bb image_background_animation=\u00bbzoom_in_n_rotate\u00bb badge_text=\u00bbServicios\u00bb button_url_new_window=\u00bb1&#8243; _builder_version=\u00bb4.27.4&#8243; _module_preset=\u00bbdefault\u00bb header_font=\u00bb|700|||||||\u00bb header_text_color=\u00bb#20434F\u00bb header_font_size=\u00bb20px\u00bb background_color=\u00bb#FFFFFF\u00bb custom_button=\u00bbon\u00bb button_text_size=\u00bb15px\u00bb button_text_color=\u00bb#20434F\u00bb button_border_width=\u00bb1px\u00bb button_border_radius=\u00bb10px\u00bb border_radii=\u00bbon|20px|20px|20px|20px\u00bb global_colors_info=\u00bb{}\u00bb]<\/p>\n<p><span style=\"font-weight: 400;\">Instalaciones el\u00e9ctricas para particulares, constructoras e industria.<\/span><span style=\"font-weight: 400;\"><br \/><\/span><span style=\"font-weight: 400;\">Mantenimiento y resoluci\u00f3n de aver\u00edas con eficacia y rapidez.<\/span><\/p>\n<p>[\/dsm_card][\/et_pb_column][et_pb_column type=\u00bb1_3&#8243; _builder_version=\u00bb4.25.2&#8243; _module_preset=\u00bbdefault\u00bb background_color=\u00bbRGBA(255,255,255,0)\u00bb custom_padding=\u00bb30px|30px|30px|30px|true|true\u00bb custom_padding_tablet=\u00bb60px|60px|60px|60px|false|false\u00bb custom_padding_phone=\u00bb40px|20px|40px|20px|false|false\u00bb custom_padding_last_edited=\u00bbon|phone\u00bb global_colors_info=\u00bb{}\u00bb background__hover_enabled=\u00bbon|hover\u00bb background_color__hover=\u00bb#FFFFFF\u00bb background_enable_color__hover=\u00bbon\u00bb][dsm_card title=\u00bbEnerg\u00edas Renovables\u00bb image=\u00bbhttps:\/\/globasic.com\/wp-content\/uploads\/2025\/10\/estacion-de-paneles-solares-en-el-techo-de-una-casa-privada-paneles-solares-en-un-techo-de-tejas-con-ventanas-scaled.jpg\u00bb image_background_animation=\u00bbzoom_in_n_rotate\u00bb badge_text=\u00bbServicios\u00bb button_url_new_window=\u00bb1&#8243; _builder_version=\u00bb4.27.4&#8243; _module_preset=\u00bbdefault\u00bb header_font=\u00bb|700|||||||\u00bb header_text_color=\u00bb#20434F\u00bb header_font_size=\u00bb20px\u00bb background_color=\u00bb#FFFFFF\u00bb custom_button=\u00bbon\u00bb button_text_size=\u00bb15px\u00bb button_text_color=\u00bb#20434F\u00bb button_border_width=\u00bb1px\u00bb button_border_radius=\u00bb10px\u00bb border_radii=\u00bbon|20px|20px|20px|20px\u00bb global_colors_info=\u00bb{}\u00bb]<\/p>\n<p><span style=\"font-weight: 400;\">Soluciones de autoconsumo fotovoltaico y energ\u00edas limpias.<\/span><span style=\"font-weight: 400;\"><br \/><\/span><span style=\"font-weight: 400;\">Proyectos personalizados para hogares, empresas y fincas.<\/span><\/p>\n<p>[\/dsm_card][\/et_pb_column][et_pb_column type=\u00bb1_3&#8243; _builder_version=\u00bb4.25.2&#8243; _module_preset=\u00bbdefault\u00bb background_color=\u00bbRGBA(255,255,255,0)\u00bb custom_padding=\u00bb30px|30px|30px|30px|true|true\u00bb custom_padding_tablet=\u00bb60px|60px|60px|60px|false|false\u00bb custom_padding_phone=\u00bb40px|20px|40px|20px|false|false\u00bb custom_padding_last_edited=\u00bbon|phone\u00bb global_colors_info=\u00bb{}\u00bb background__hover_enabled=\u00bbon|hover\u00bb background_color__hover=\u00bb#FFFFFF\u00bb background_enable_color__hover=\u00bbon\u00bb][dsm_card title=\u00bbSeguridad\u00bb image=\u00bbhttps:\/\/globasic.com\/wp-content\/uploads\/2025\/10\/persona-que-usa-un-telefono-inteligente-en-su-hogar-automatizado-scaled.jpg\u00bb image_background_animation=\u00bbzoom_in_n_rotate\u00bb badge_text=\u00bbServicios\u00bb button_url_new_window=\u00bb1&#8243; _builder_version=\u00bb4.27.0&#8243; _module_preset=\u00bbdefault\u00bb header_font=\u00bb|700|||||||\u00bb header_text_color=\u00bb#20434F\u00bb header_font_size=\u00bb20px\u00bb background_color=\u00bb#FFFFFF\u00bb custom_button=\u00bbon\u00bb button_text_size=\u00bb15px\u00bb button_text_color=\u00bb#20434F\u00bb button_border_width=\u00bb1px\u00bb button_border_radius=\u00bb10px\u00bb border_radii=\u00bbon|20px|20px|20px|20px\u00bb global_colors_info=\u00bb{}\u00bb]<\/p>\n<p><span style=\"font-weight: 400;\">Alarmas, videovigilancia, control de accesos y sistemas antiincendios.<\/span><span style=\"font-weight: 400;\"><br \/><\/span><span style=\"font-weight: 400;\">Protecci\u00f3n total con las marcas l\u00edderes del mercado.<\/span><\/p>\n<p>[\/dsm_card][\/et_pb_column][\/et_pb_row][\/et_pb_section][et_pb_section fb_built=\u00bb1&#8243; custom_padding_last_edited=\u00bbon|tablet\u00bb prev_background_color=\u00bb#FFFFFF\u00bb _builder_version=\u00bb4.27.4&#8243; _module_preset=\u00bbdefault\u00bb background_enable_color=\u00bboff\u00bb use_background_color_gradient=\u00bbon\u00bb background_color_gradient_direction=\u00bb1deg\u00bb background_color_gradient_stops=\u00bb#20434f 15%|rgba(32,67,79,0.82) 60%|#72c5e3 100%\u00bb background_color_gradient_overlays_image=\u00bbon\u00bb background_image=\u00bbhttps:\/\/globasic.com\/wp-content\/uploads\/2025\/10\/51507.jpg\u00bb parallax=\u00bbon\u00bb custom_margin=\u00bb0px||0px||false|false\u00bb custom_padding=\u00bb285px||39px||false|false\u00bb custom_padding_tablet=\u00bb275px||115px||false|false\u00bb custom_padding_phone=\u00bb245px||85px||false|false\u00bb top_divider_style=\u00bbcurve2&#8243; global_colors_info=\u00bb{}\u00bb][\/et_pb_section]<\/p>","protected":false},"excerpt":{"rendered":"<p><div class=\"et_pb_module dsm_card dsm_card_0 et_pb_bg_layout_light dsm_card_image_animation dsm_card_image_animation_zoom_in_n_rotate dsm_card_layout_stacked\">\n\t\t\t\t\n\t\t\t\t\n\t\t\t\t\n\t\t\t\t\n\t\t\t\t\n\t\t\t\t\n\t\t\t\t<div class=\"et_pb_module_inner\">\n\t\t\t\t\t\n\t\t\t\n\t\t\t<figure class=\"dsm_card_image_wrapper dsm_card_badge_top_right\"><div class=\"dsm_card_image_background dsm_card_img\"><\/div><div class=\"dsm_card_badge_text\">Servicios<\/div><\/figure>\n\t\t\t<div class=\"et_pb_module dsm_card_wrapper et_pb_text_align_left\">\n\t\t\t\t\t\n\t\t\t\t\t<h4 class=\"dsm_card_title et_pb_module_header\">Electricidad<\/h4>\n\t\t\t\t\t\n\t\t\t\t\t<div class=\"dsm_card_description\">Instalaciones el\u00e9ctricas para particulares, constructoras e industria.Mantenimiento y resoluci\u00f3n de aver\u00edas con eficacia y rapidez.<\/div>\n\t\t\t\t\t\n\t\t\t\t<\/div>\n\t\t\t\n\t\t\t\t<\/div>\n\t\t\t<\/div><div class=\"et_pb_module dsm_card dsm_card_1 et_pb_bg_layout_light dsm_card_image_animation dsm_card_image_animation_zoom_in_n_rotate dsm_card_layout_stacked\">\n\t\t\t\t\n\t\t\t\t\n\t\t\t\t\n\t\t\t\t\n\t\t\t\t\n\t\t\t\t\n\t\t\t\t<div class=\"et_pb_module_inner\">\n\t\t\t\t\t\n\t\t\t\n\t\t\t<figure class=\"dsm_card_image_wrapper dsm_card_badge_top_right\"><div class=\"dsm_card_image_background dsm_card_img\"><\/div><div class=\"dsm_card_badge_text\">Servicios<\/div><\/figure>\n\t\t\t<div class=\"et_pb_module dsm_card_wrapper et_pb_text_align_left\">\n\t\t\t\t\t\n\t\t\t\t\t<h4 class=\"dsm_card_title et_pb_module_header\">Energ\u00edas Renovables<\/h4>\n\t\t\t\t\t\n\t\t\t\t\t\n\t\t\t\t\t\n\t\t\t\t<\/div>\n\t\t\t\n\t\t\t\t<\/div>\n\t\t\t<\/div>Soluciones de autoconsumo fotovoltaico [&hellip;]<\/p>","protected":false},"author":1,"featured_media":0,"parent":0,"menu_order":0,"comment_status":"closed","ping_status":"closed","template":"","meta":{"_et_pb_use_builder":"on","_et_pb_old_content":"<!-- wp:paragraph -->\n<p>This is an example page. It's different from a blog post because it will stay in one place and will show up in your site navigation (in most themes). Most people start with an About page that introduces them to potential site visitors. It might say something like this:<\/p>\n<!-- \/wp:paragraph -->\n\n<!-- wp:quote -->\n<blockquote class=\"wp-block-quote\"><p>Hi there! I'm a bike messenger by day, aspiring actor by night, and this is my website. I live in Los Angeles, have a great dog named Jack, and I like pi&#241;a coladas. (And gettin' caught in the rain.)<\/p><\/blockquote>\n<!-- \/wp:quote -->\n\n<!-- wp:paragraph -->\n<p>...or something like this:<\/p>\n<!-- \/wp:paragraph -->\n\n<!-- wp:quote -->\n<blockquote class=\"wp-block-quote\"><p>The XYZ Doohickey Company was founded in 1971, and has been providing quality doohickeys to the public ever since. Located in Gotham City, XYZ employs over 2,000 people and does all kinds of awesome things for the Gotham community.<\/p><\/blockquote>\n<!-- \/wp:quote -->\n\n<!-- wp:paragraph -->\n<p>As a new WordPress user, you should go to <a href=\"http:\/\/globasic.com\/wp-admin\/\">your dashboard<\/a> to delete this page and create new pages for your content. Have fun!<\/p>\n<!-- \/wp:paragraph -->","_et_gb_content_width":"","footnotes":""},"class_list":["post-2","page","type-page","status-publish","hentry"],"yoast_head":"<!-- This site is optimized with the Yoast SEO plugin v26.3 - https:\/\/yoast.com\/wordpress\/plugins\/seo\/ -->\n<title>Inicio - GLOBASIC<\/title>\n<meta name=\"description\" content=\"Nuestro compromiso es ofrecer soluciones integrales en instalaciones el\u00e9ctricas, energ\u00edas renovables y sistemas de seguridad adaptadas a ti.\" \/>\n<meta name=\"robots\" content=\"index, follow, max-snippet:-1, max-image-preview:large, max-video-preview:-1\" \/>\n<link rel=\"canonical\" href=\"https:\/\/globasic.com\/en\/\" \/>\n<meta property=\"og:locale\" content=\"en_GB\" \/>\n<meta property=\"og:type\" content=\"article\" \/>\n<meta property=\"og:title\" content=\"Inicio - GLOBASIC\" \/>\n<meta property=\"og:description\" content=\"Nuestro compromiso es ofrecer soluciones integrales en instalaciones el\u00e9ctricas, energ\u00edas renovables y sistemas de seguridad adaptadas a ti.\" \/>\n<meta property=\"og:url\" content=\"https:\/\/globasic.com\/en\/\" \/>\n<meta property=\"og:site_name\" content=\"GLOBASIC\" \/>\n<meta property=\"article:modified_time\" content=\"2025-12-16T12:22:58+00:00\" \/>\n<meta name=\"twitter:card\" content=\"summary_large_image\" \/>\n<meta name=\"twitter:label1\" content=\"Estimated reading time\" \/>\n\t<meta name=\"twitter:data1\" content=\"2 minutes\" \/>\n<script type=\"application\/ld+json\" class=\"yoast-schema-graph\">{\"@context\":\"https:\/\/schema.org\",\"@graph\":[{\"@type\":\"WebPage\",\"@id\":\"https:\/\/globasic.com\/\",\"url\":\"https:\/\/globasic.com\/\",\"name\":\"Inicio - GLOBASIC\",\"isPartOf\":{\"@id\":\"https:\/\/globasic.com\/#website\"},\"datePublished\":\"2023-01-25T12:32:10+00:00\",\"dateModified\":\"2025-12-16T12:22:58+00:00\",\"description\":\"Nuestro compromiso es ofrecer soluciones integrales en instalaciones el\u00e9ctricas, energ\u00edas renovables y sistemas de seguridad adaptadas a ti.\",\"breadcrumb\":{\"@id\":\"https:\/\/globasic.com\/#breadcrumb\"},\"inLanguage\":\"en-GB\",\"potentialAction\":[{\"@type\":\"ReadAction\",\"target\":[\"https:\/\/globasic.com\/\"]}]},{\"@type\":\"BreadcrumbList\",\"@id\":\"https:\/\/globasic.com\/#breadcrumb\",\"itemListElement\":[{\"@type\":\"ListItem\",\"position\":1,\"name\":\"Portada\",\"item\":\"https:\/\/globasic.com\/\"},{\"@type\":\"ListItem\",\"position\":2,\"name\":\"Inicio\"}]},{\"@type\":\"WebSite\",\"@id\":\"https:\/\/globasic.com\/#website\",\"url\":\"https:\/\/globasic.com\/\",\"name\":\"GLOBASIC\",\"description\":\"Electricidad, seguridad y energ&iacute;as renovables en El Ejido\",\"potentialAction\":[{\"@type\":\"SearchAction\",\"target\":{\"@type\":\"EntryPoint\",\"urlTemplate\":\"https:\/\/globasic.com\/?s={search_term_string}\"},\"query-input\":{\"@type\":\"PropertyValueSpecification\",\"valueRequired\":true,\"valueName\":\"search_term_string\"}}],\"inLanguage\":\"en-GB\"}]}<\/script>\n<!-- \/ Yoast SEO plugin. -->","yoast_head_json":{"title":"Inicio - GLOBASIC","description":"Nuestro compromiso es ofrecer soluciones integrales en instalaciones el\u00e9ctricas, energ\u00edas renovables y sistemas de seguridad adaptadas a ti.","robots":{"index":"index","follow":"follow","max-snippet":"max-snippet:-1","max-image-preview":"max-image-preview:large","max-video-preview":"max-video-preview:-1"},"canonical":"https:\/\/globasic.com\/en\/","og_locale":"en_GB","og_type":"article","og_title":"Inicio - GLOBASIC","og_description":"Nuestro compromiso es ofrecer soluciones integrales en instalaciones el\u00e9ctricas, energ\u00edas renovables y sistemas de seguridad adaptadas a ti.","og_url":"https:\/\/globasic.com\/en\/","og_site_name":"GLOBASIC","article_modified_time":"2025-12-16T12:22:58+00:00","twitter_card":"summary_large_image","twitter_misc":{"Estimated reading time":"2 minutes"},"schema":{"@context":"https:\/\/schema.org","@graph":[{"@type":"WebPage","@id":"https:\/\/globasic.com\/","url":"https:\/\/globasic.com\/","name":"Inicio - GLOBASIC","isPartOf":{"@id":"https:\/\/globasic.com\/#website"},"datePublished":"2023-01-25T12:32:10+00:00","dateModified":"2025-12-16T12:22:58+00:00","description":"Nuestro compromiso es ofrecer soluciones integrales en instalaciones el\u00e9ctricas, energ\u00edas renovables y sistemas de seguridad adaptadas a ti.","breadcrumb":{"@id":"https:\/\/globasic.com\/#breadcrumb"},"inLanguage":"en-GB","potentialAction":[{"@type":"ReadAction","target":["https:\/\/globasic.com\/"]}]},{"@type":"BreadcrumbList","@id":"https:\/\/globasic.com\/#breadcrumb","itemListElement":[{"@type":"ListItem","position":1,"name":"Portada","item":"https:\/\/globasic.com\/"},{"@type":"ListItem","position":2,"name":"Inicio"}]},{"@type":"WebSite","@id":"https:\/\/globasic.com\/#website","url":"https:\/\/globasic.com\/","name":"GLOBASIC","description":"Electricidad, seguridad y energ&iacute;as renovables en El Ejido","potentialAction":[{"@type":"SearchAction","target":{"@type":"EntryPoint","urlTemplate":"https:\/\/globasic.com\/?s={search_term_string}"},"query-input":{"@type":"PropertyValueSpecification","valueRequired":true,"valueName":"search_term_string"}}],"inLanguage":"en-GB"}]}},"_links":{"self":[{"href":"https:\/\/globasic.com\/en\/wp-json\/wp\/v2\/pages\/2","targetHints":{"allow":["GET"]}}],"collection":[{"href":"https:\/\/globasic.com\/en\/wp-json\/wp\/v2\/pages"}],"about":[{"href":"https:\/\/globasic.com\/en\/wp-json\/wp\/v2\/types\/page"}],"author":[{"embeddable":true,"href":"https:\/\/globasic.com\/en\/wp-json\/wp\/v2\/users\/1"}],"replies":[{"embeddable":true,"href":"https:\/\/globasic.com\/en\/wp-json\/wp\/v2\/comments?post=2"}],"version-history":[{"count":30,"href":"https:\/\/globasic.com\/en\/wp-json\/wp\/v2\/pages\/2\/revisions"}],"predecessor-version":[{"id":268,"href":"https:\/\/globasic.com\/en\/wp-json\/wp\/v2\/pages\/2\/revisions\/268"}],"wp:attachment":[{"href":"https:\/\/globasic.com\/en\/wp-json\/wp\/v2\/media?parent=2"}],"curies":[{"name":"wp","href":"https:\/\/api.w.org\/{rel}","templated":true}]}}